{"id":612,"date":"2021-06-18T08:59:00","date_gmt":"2021-06-18T08:59:00","guid":{"rendered":"https:\/\/museojuanlorenzo.com\/index.php\/about\/"},"modified":"2025-06-14T20:40:45","modified_gmt":"2025-06-14T20:40:45","slug":"about","status":"publish","type":"page","link":"https:\/\/museojuanlorenzo.com\/index.php\/about\/","title":{"rendered":"Sobre nosotros"},"content":{"rendered":"\t\t<div data-elementor-type=\"wp-page\" data-elementor-id=\"612\" class=\"elementor elementor-612\">\n\t\t\t\t\t\t<section class=\"elementor-section elementor-top-section elementor-element elementor-element-cc517a3 elementor-section-boxed elementor-section-height-default elementor-section-height-default wpr-particle-no wpr-jarallax-no wpr-sticky-section-no\" data-id=\"cc517a3\" data-element_type=\"section\">\n\t\t\t\t\t\t<div class=\"elementor-container elementor-column-gap-default\">\n\t\t\t\t\t<div class=\"elementor-column elementor-col-100 elementor-top-column elementor-element elementor-element-2dcd8b7\" data-id=\"2dcd8b7\" data-element_type=\"column\">\n\t\t\t<div class=\"elementor-widget-wrap elementor-element-populated\">\n\t\t\t\t\t\t<div class=\"elementor-element elementor-element-e5df578 elementor-widget elementor-widget-heading\" data-id=\"e5df578\" data-element_type=\"widget\" data-widget_type=\"heading.default\">\n\t\t\t\t<div class=\"elementor-widget-container\">\n\t\t\t\t\t<h2 class=\"elementor-heading-title elementor-size-default\">Museo Juan Lorenzo Lucero<\/h2>\t\t\t\t<\/div>\n\t\t\t\t<\/div>\n\t\t\t\t\t<\/div>\n\t\t<\/div>\n\t\t\t\t\t<\/div>\n\t\t<\/section>\n\t\t\t\t<section class=\"elementor-section elementor-top-section elementor-element elementor-element-b93d87d elementor-section-boxed elementor-section-height-default elementor-section-height-default wpr-particle-no wpr-jarallax-no wpr-sticky-section-no\" data-id=\"b93d87d\" data-element_type=\"section\">\n\t\t\t\t\t\t<div class=\"elementor-container elementor-column-gap-default\">\n\t\t\t\t\t<div class=\"elementor-column elementor-col-100 elementor-top-column elementor-element elementor-element-31e0319\" data-id=\"31e0319\" data-element_type=\"column\">\n\t\t\t<div class=\"elementor-widget-wrap elementor-element-populated\">\n\t\t\t\t\t\t<div class=\"elementor-element elementor-element-2fc1849 elementor-widget elementor-widget-text-editor\" data-id=\"2fc1849\" data-element_type=\"widget\" data-widget_type=\"text-editor.default\">\n\t\t\t\t<div class=\"elementor-widget-container\">\n\t\t\t\t\t\t\t\t\t<p class=\"elementor-heading-title elementor-size-default elementor-inline-editing pen\" data-elementor-setting-key=\"title\" data-pen-placeholder=\"Teclea aqu\u00ed...\">Museo de arte religioso e historia nari\u00f1ense desde 1974<\/p>\t\t\t\t\t\t\t\t<\/div>\n\t\t\t\t<\/div>\n\t\t\t\t<div class=\"elementor-element elementor-element-59b9b49 elementor-pagination-position-inside elementor-arrows-position-inside elementor-widget elementor-widget-image-carousel\" data-id=\"59b9b49\" data-element_type=\"widget\" data-settings=\"{&quot;slides_to_show&quot;:&quot;1&quot;,&quot;navigation&quot;:&quot;both&quot;,&quot;autoplay&quot;:&quot;yes&quot;,&quot;pause_on_hover&quot;:&quot;yes&quot;,&quot;pause_on_interaction&quot;:&quot;yes&quot;,&quot;autoplay_speed&quot;:5000,&quot;infinite&quot;:&quot;yes&quot;,&quot;effect&quot;:&quot;slide&quot;,&quot;speed&quot;:500}\" data-widget_type=\"image-carousel.default\">\n\t\t\t\t<div class=\"elementor-widget-container\">\n\t\t\t\t\t\t\t<div class=\"elementor-image-carousel-wrapper swiper\" role=\"region\" aria-roledescription=\"carousel\" aria-label=\"Carrusel de im\u00e1genes\" dir=\"ltr\">\n\t\t\t<div class=\"elementor-image-carousel swiper-wrapper swiper-image-stretch\" aria-live=\"off\">\n\t\t\t\t\t\t\t\t<div class=\"swiper-slide\" role=\"group\" aria-roledescription=\"slide\" aria-label=\"1 de 2\"><figure class=\"swiper-slide-inner\"><img decoding=\"async\" class=\"swiper-slide-image\" src=\"https:\/\/museojuanlorenzo.com\/wp-content\/uploads\/2024\/08\/img26082024_0004-2048x1492.png\" alt=\"img26082024_0004\" \/><\/figure><\/div><div class=\"swiper-slide\" role=\"group\" aria-roledescription=\"slide\" aria-label=\"2 de 2\"><figure class=\"swiper-slide-inner\"><img decoding=\"async\" class=\"swiper-slide-image\" src=\"https:\/\/museojuanlorenzo.com\/wp-content\/uploads\/2025\/05\/DSC_0528-1-2048x1362.jpg\" alt=\"DSC_0528\" \/><\/figure><\/div>\t\t\t<\/div>\n\t\t\t\t\t\t\t\t\t\t\t\t<div class=\"elementor-swiper-button elementor-swiper-button-prev\" role=\"button\" tabindex=\"0\">\n\t\t\t\t\t\t<i aria-hidden=\"true\" class=\"eicon-chevron-left\"><\/i>\t\t\t\t\t<\/div>\n\t\t\t\t\t<div class=\"elementor-swiper-button elementor-swiper-button-next\" role=\"button\" tabindex=\"0\">\n\t\t\t\t\t\t<i aria-hidden=\"true\" class=\"eicon-chevron-right\"><\/i>\t\t\t\t\t<\/div>\n\t\t\t\t\n\t\t\t\t\t\t\t\t\t<div class=\"swiper-pagination\"><\/div>\n\t\t\t\t\t\t\t\t\t<\/div>\n\t\t\t\t\t\t<\/div>\n\t\t\t\t<\/div>\n\t\t\t\t\t<\/div>\n\t\t<\/div>\n\t\t\t\t\t<\/div>\n\t\t<\/section>\n\t\t\t\t<section class=\"elementor-section elementor-top-section elementor-element elementor-element-1281a9d elementor-section-boxed elementor-section-height-default elementor-section-height-default wpr-particle-no wpr-jarallax-no wpr-sticky-section-no\" data-id=\"1281a9d\" data-element_type=\"section\">\n\t\t\t\t\t\t<div class=\"elementor-container elementor-column-gap-default\">\n\t\t\t\t\t<div class=\"elementor-column elementor-col-100 elementor-top-column elementor-element elementor-element-6056e73\" data-id=\"6056e73\" data-element_type=\"column\" data-settings=\"{&quot;background_background&quot;:&quot;classic&quot;}\">\n\t\t\t<div class=\"elementor-widget-wrap elementor-element-populated\">\n\t\t\t\t\t<div class=\"elementor-background-overlay\"><\/div>\n\t\t\t\t\t\t<div class=\"elementor-element elementor-element-87a67a5 elementor-widget elementor-widget-text-editor\" data-id=\"87a67a5\" data-element_type=\"widget\" data-widget_type=\"text-editor.default\">\n\t\t\t\t<div class=\"elementor-widget-container\">\n\t\t\t\t\t\t\t\t\t<p class=\"MsoNormal\">Situado en el coraz\u00f3n de Pasto, nuestro museo y casa cultural lleva m\u00e1s de 50 a\u00f1os comprometido con la preservaci\u00f3n y fomento de la rica historia y cultura nari\u00f1ense. Fundado en 1974 por el padre Jaime \u00c1lvarez como parte de la Fundaci\u00f3n Juan Lorenzo Lucero, una obra de la Compa\u00f1\u00eda de Jes\u00fas, La Casa Mariana ha albergado una diversidad de servicios comunitarios, como tipograf\u00eda, emisora, consultorio m\u00e9dico y odontol\u00f3gico, y hogar para ni\u00f1os hu\u00e9rfanos, entre otros. Hoy en d\u00eda, adem\u00e1s de conservar la memoria hist\u00f3rica de la regi\u00f3n, ofrecemos espacios dedicados a la cultura, la formaci\u00f3n y las manifestaciones art\u00edsticas, tanto para los j\u00f3venes como para toda la comunidad.<\/p>\t\t\t\t\t\t\t\t<\/div>\n\t\t\t\t<\/div>\n\t\t\t\t\t<\/div>\n\t\t<\/div>\n\t\t\t\t\t<\/div>\n\t\t<\/section>\n\t\t\t\t<section class=\"elementor-section elementor-top-section elementor-element elementor-element-891f3e6 elementor-section-boxed elementor-section-height-default elementor-section-height-default wpr-particle-no wpr-jarallax-no wpr-sticky-section-no\" data-id=\"891f3e6\" data-element_type=\"section\">\n\t\t\t\t\t\t<div class=\"elementor-container elementor-column-gap-default\">\n\t\t\t\t\t<div class=\"elementor-column elementor-col-100 elementor-top-column elementor-element elementor-element-728a6cd\" data-id=\"728a6cd\" data-element_type=\"column\">\n\t\t\t<div class=\"elementor-widget-wrap elementor-element-populated\">\n\t\t\t\t\t\t<div class=\"elementor-element elementor-element-3deaff2 elementor-widget elementor-widget-heading\" data-id=\"3deaff2\" data-element_type=\"widget\" data-widget_type=\"heading.default\">\n\t\t\t\t<div class=\"elementor-widget-container\">\n\t\t\t\t\t<h2 class=\"elementor-heading-title elementor-size-default\"><p><b>Padre Jaime Alvares S.J.<\/b><span style=\"letter-spacing: -0.02em\"><\/span><\/p><\/h2>\t\t\t\t<\/div>\n\t\t\t\t<\/div>\n\t\t\t\t\t<\/div>\n\t\t<\/div>\n\t\t\t\t\t<\/div>\n\t\t<\/section>\n\t\t\t\t<section class=\"elementor-section elementor-top-section elementor-element elementor-element-62753ae elementor-section-boxed elementor-section-height-default elementor-section-height-default wpr-particle-no wpr-jarallax-no wpr-sticky-section-no\" data-id=\"62753ae\" data-element_type=\"section\">\n\t\t\t\t\t\t<div class=\"elementor-container elementor-column-gap-default\">\n\t\t\t\t\t<div class=\"elementor-column elementor-col-100 elementor-top-column elementor-element elementor-element-5863202\" data-id=\"5863202\" data-element_type=\"column\">\n\t\t\t<div class=\"elementor-widget-wrap elementor-element-populated\">\n\t\t\t\t\t\t<section class=\"elementor-section elementor-inner-section elementor-element elementor-element-b1683ed elementor-section-boxed elementor-section-height-default elementor-section-height-default wpr-particle-no wpr-jarallax-no wpr-sticky-section-no\" data-id=\"b1683ed\" data-element_type=\"section\">\n\t\t\t\t\t\t<div class=\"elementor-container elementor-column-gap-default\">\n\t\t\t\t\t<div class=\"elementor-column elementor-col-50 elementor-inner-column elementor-element elementor-element-4fa44cf\" data-id=\"4fa44cf\" data-element_type=\"column\">\n\t\t\t<div class=\"elementor-widget-wrap elementor-element-populated\">\n\t\t\t\t\t\t<div class=\"elementor-element elementor-element-0ce79e1 elementor-widget elementor-widget-text-editor\" data-id=\"0ce79e1\" data-element_type=\"widget\" data-widget_type=\"text-editor.default\">\n\t\t\t\t<div class=\"elementor-widget-container\">\n\t\t\t\t\t\t\t\t\t<p>Naci\u00f3 el 20 de julio 1917, en un pueblo panelero de las monta\u00f1as antioque\u00f1as llamado Frontino, hizo sus estudios sacerdotales en el seminario de Medell\u00edn, se convirti\u00f3 en sacerdote a sus 25 a\u00f1os, tres a\u00f1os despu\u00e9s ingres\u00f3 a la compa\u00f1\u00eda de Jes\u00fas y posteriormente se radic\u00f3 en Pasto. M\u00e1s de la mitad de su larga vida de 84 a\u00f1os se la entreg\u00f3 a Pasto, admiro a Nari\u00f1o por su cultura, por sus gentes y sus paisajes, m\u00e1s a\u00fan, se sinti\u00f3 como hijo de esta bella y generosa tierra.<\/p><p class=\"MsoNormal\">Cualquier idea que pasaba en su cerebro las convert\u00eda de inmediato en obras, siempre inspiradas por su fe cristiana y su sentir sacerdotal. Ante los problemas y necesidades sociales no se preguntaba qu\u00e9 pod\u00edan hacer otros sino qu\u00e9 pod\u00eda hacer \u00e9l; y de inmediato pasaba a la acci\u00f3n. De ah\u00ed la largu\u00edsima lista de sus obras en favor de esta ciudad, algunas de estas son la Casa Mariana, Emisora Ecos de Pasto, Hogar de Cristo para ni\u00f1os hu\u00e9rfanos, funeraria San Juan, tipograf\u00eda Javier, Museo Juan Lorenzo Lucero, consultorio m\u00e9dico y odontol\u00f3gico, la botica.<\/p>\t\t\t\t\t\t\t\t<\/div>\n\t\t\t\t<\/div>\n\t\t\t\t\t<\/div>\n\t\t<\/div>\n\t\t\t\t<div class=\"elementor-column elementor-col-50 elementor-inner-column elementor-element elementor-element-cc1c60f\" data-id=\"cc1c60f\" data-element_type=\"column\">\n\t\t\t<div class=\"elementor-widget-wrap elementor-element-populated\">\n\t\t\t\t\t\t<div class=\"elementor-element elementor-element-6f9bb2c elementor-widget elementor-widget-image\" data-id=\"6f9bb2c\" data-element_type=\"widget\" data-widget_type=\"image.default\">\n\t\t\t\t<div class=\"elementor-widget-container\">\n\t\t\t\t\t\t\t\t\t\t\t\t\t\t\t<img fetchpriority=\"high\" decoding=\"async\" width=\"800\" height=\"800\" src=\"https:\/\/museojuanlorenzo.com\/wp-content\/uploads\/2024\/08\/1723756042663-1024x1024.jpg\" class=\"attachment-large size-large wp-image-1713\" alt=\"\" srcset=\"https:\/\/museojuanlorenzo.com\/wp-content\/uploads\/2024\/08\/1723756042663-1024x1024.jpg 1024w, https:\/\/museojuanlorenzo.com\/wp-content\/uploads\/2024\/08\/1723756042663-300x300.jpg 300w, https:\/\/museojuanlorenzo.com\/wp-content\/uploads\/2024\/08\/1723756042663-150x150.jpg 150w, https:\/\/museojuanlorenzo.com\/wp-content\/uploads\/2024\/08\/1723756042663-768x768.jpg 768w, https:\/\/museojuanlorenzo.com\/wp-content\/uploads\/2024\/08\/1723756042663-1536x1536.jpg 1536w, https:\/\/museojuanlorenzo.com\/wp-content\/uploads\/2024\/08\/1723756042663-2048x2048.jpg 2048w, https:\/\/museojuanlorenzo.com\/wp-content\/uploads\/2024\/08\/elementor\/thumbs\/1723756042663-qsnxurqtqtgh86az4uh1dkdw757j2m1mtw5wny7uli.jpg 23w, https:\/\/museojuanlorenzo.com\/wp-content\/uploads\/2024\/08\/elementor\/thumbs\/1723756042663-qsnxurqzk0a9m20vw27bggo2y1wehadm3cndefssy0.jpg 500w\" sizes=\"(max-width: 800px) 100vw, 800px\" \/>\t\t\t\t\t\t\t\t\t\t\t\t\t\t\t<\/div>\n\t\t\t\t<\/div>\n\t\t\t\t\t<\/div>\n\t\t<\/div>\n\t\t\t\t\t<\/div>\n\t\t<\/section>\n\t\t\t\t<div class=\"elementor-element elementor-element-39ba760 elementor-widget elementor-widget-spacer\" data-id=\"39ba760\" data-element_type=\"widget\" data-widget_type=\"spacer.default\">\n\t\t\t\t<div class=\"elementor-widget-container\">\n\t\t\t\t\t\t\t<div class=\"elementor-spacer\">\n\t\t\t<div class=\"elementor-spacer-inner\"><\/div>\n\t\t<\/div>\n\t\t\t\t\t\t<\/div>\n\t\t\t\t<\/div>\n\t\t\t\t\t<\/div>\n\t\t<\/div>\n\t\t\t\t\t<\/div>\n\t\t<\/section>\n\t\t\t\t<section class=\"elementor-section elementor-top-section elementor-element elementor-element-399aced elementor-section-boxed elementor-section-height-default elementor-section-height-default wpr-particle-no wpr-jarallax-no wpr-sticky-section-no\" data-id=\"399aced\" data-element_type=\"section\">\n\t\t\t\t\t\t<div class=\"elementor-container elementor-column-gap-default\">\n\t\t\t\t\t<div class=\"elementor-column elementor-col-100 elementor-top-column elementor-element elementor-element-c90a31d\" data-id=\"c90a31d\" data-element_type=\"column\">\n\t\t\t<div class=\"elementor-widget-wrap elementor-element-populated\">\n\t\t\t\t\t\t<div class=\"elementor-element elementor-element-0a9ae41 elementor-widget elementor-widget-heading\" data-id=\"0a9ae41\" data-element_type=\"widget\" data-widget_type=\"heading.default\">\n\t\t\t\t<div class=\"elementor-widget-container\">\n\t\t\t\t\t<h2 class=\"elementor-heading-title elementor-size-default\">Compromiso con la preservaci\u00f3n<\/h2>\t\t\t\t<\/div>\n\t\t\t\t<\/div>\n\t\t\t\t\t<\/div>\n\t\t<\/div>\n\t\t\t\t\t<\/div>\n\t\t<\/section>\n\t\t\t\t<section class=\"elementor-section elementor-top-section elementor-element elementor-element-2a2bec7 elementor-section-boxed elementor-section-height-default elementor-section-height-default wpr-particle-no wpr-jarallax-no wpr-sticky-section-no\" data-id=\"2a2bec7\" data-element_type=\"section\">\n\t\t\t\t\t\t<div class=\"elementor-container elementor-column-gap-default\">\n\t\t\t\t\t<div class=\"elementor-column elementor-col-100 elementor-top-column elementor-element elementor-element-eded8b6\" data-id=\"eded8b6\" data-element_type=\"column\">\n\t\t\t<div class=\"elementor-widget-wrap elementor-element-populated\">\n\t\t\t\t\t\t<div class=\"elementor-element elementor-element-37fb384 elementor-widget elementor-widget-text-editor\" data-id=\"37fb384\" data-element_type=\"widget\" data-widget_type=\"text-editor.default\">\n\t\t\t\t<div class=\"elementor-widget-container\">\n\t\t\t\t\t\t\t\t\t<p>El Museo Juan Lorenzo Lucero, ubicado en la hist\u00f3rica Casa Mariana, es mucho m\u00e1s que un espacio de exhibici\u00f3n: es un guardi\u00e1n del legado cultural y social de Nari\u00f1o. Fundado en 1974 por el padre Jaime \u00c1lvarez S.J. como parte de la Fundaci\u00f3n Juan Lorenzo Lucero, este museo alberga un valioso archivo fotogr\u00e1fico, documental y patrimonial que refleja la memoria viva de nuestra regi\u00f3n. Sus colecciones y su constante proceso de conservaci\u00f3n y digitalizaci\u00f3n testimonian la riqueza de Nari\u00f1o y su gente, asegurando que las historias del pasado sigan inspirando el presente y el futuro. Adem\u00e1s de preservar este legado, el museo ofrece espacios para la cultura, la formaci\u00f3n y las manifestaciones art\u00edsticas, acercando a toda la comunidad a la belleza y diversidad de nuestra historia compartida<\/p>\t\t\t\t\t\t\t\t<\/div>\n\t\t\t\t<\/div>\n\t\t\t\t\t<\/div>\n\t\t<\/div>\n\t\t\t\t\t<\/div>\n\t\t<\/section>\n\t\t\t\t<section class=\"elementor-section elementor-top-section elementor-element elementor-element-c5b3627 elementor-section-boxed elementor-section-height-default elementor-section-height-default wpr-particle-no wpr-jarallax-no wpr-sticky-section-no\" data-id=\"c5b3627\" data-element_type=\"section\">\n\t\t\t\t\t\t<div class=\"elementor-container elementor-column-gap-default\">\n\t\t\t\t\t<div class=\"elementor-column elementor-col-100 elementor-top-column elementor-element elementor-element-3a35225\" data-id=\"3a35225\" data-element_type=\"column\">\n\t\t\t<div class=\"elementor-widget-wrap elementor-element-populated\">\n\t\t\t\t\t\t<section class=\"elementor-section elementor-inner-section elementor-element elementor-element-f45d67d elementor-section-boxed elementor-section-height-default elementor-section-height-default wpr-particle-no wpr-jarallax-no wpr-sticky-section-no\" data-id=\"f45d67d\" data-element_type=\"section\">\n\t\t\t\t\t\t<div class=\"elementor-container elementor-column-gap-default\">\n\t\t\t\t\t<div class=\"elementor-column elementor-col-50 elementor-inner-column elementor-element elementor-element-9608104\" data-id=\"9608104\" data-element_type=\"column\">\n\t\t\t<div class=\"elementor-widget-wrap elementor-element-populated\">\n\t\t\t\t\t\t<div class=\"elementor-element elementor-element-45063ec elementor-widget elementor-widget-heading\" data-id=\"45063ec\" data-element_type=\"widget\" data-widget_type=\"heading.default\">\n\t\t\t\t<div class=\"elementor-widget-container\">\n\t\t\t\t\t<h2 class=\"elementor-heading-title elementor-size-default\">Misi\u00f3n<\/h2>\t\t\t\t<\/div>\n\t\t\t\t<\/div>\n\t\t\t\t\t<\/div>\n\t\t<\/div>\n\t\t\t\t<div class=\"elementor-column elementor-col-50 elementor-inner-column elementor-element elementor-element-f37a416\" data-id=\"f37a416\" data-element_type=\"column\">\n\t\t\t<div class=\"elementor-widget-wrap elementor-element-populated\">\n\t\t\t\t\t\t<div class=\"elementor-element elementor-element-a56734e elementor-widget elementor-widget-heading\" data-id=\"a56734e\" data-element_type=\"widget\" data-widget_type=\"heading.default\">\n\t\t\t\t<div class=\"elementor-widget-container\">\n\t\t\t\t\t<h2 class=\"elementor-heading-title elementor-size-default\">Visi\u00f3n<\/h2>\t\t\t\t<\/div>\n\t\t\t\t<\/div>\n\t\t\t\t\t<\/div>\n\t\t<\/div>\n\t\t\t\t\t<\/div>\n\t\t<\/section>\n\t\t\t\t<section class=\"elementor-section elementor-inner-section elementor-element elementor-element-4023501 elementor-section-boxed elementor-section-height-default elementor-section-height-default wpr-particle-no wpr-jarallax-no wpr-sticky-section-no\" data-id=\"4023501\" data-element_type=\"section\">\n\t\t\t\t\t\t<div class=\"elementor-container elementor-column-gap-default\">\n\t\t\t\t\t<div class=\"elementor-column elementor-col-50 elementor-inner-column elementor-element elementor-element-7e15d8f\" data-id=\"7e15d8f\" data-element_type=\"column\">\n\t\t\t<div class=\"elementor-widget-wrap elementor-element-populated\">\n\t\t\t\t\t\t<div class=\"elementor-element elementor-element-2909ef1 elementor-widget elementor-widget-text-editor\" data-id=\"2909ef1\" data-element_type=\"widget\" data-widget_type=\"text-editor.default\">\n\t\t\t\t<div class=\"elementor-widget-container\">\n\t\t\t\t\t\t\t\t\t<p>Conservar piezas de arte religioso e historia regional, exhibirlas de manera democr\u00e1tica y brindar formaci\u00f3n integral a trav\u00e9s del arte, la cultura y el desarrollo personal, con especial \u00e9nfasis en la juventud de Pasto.<\/p>\t\t\t\t\t\t\t\t<\/div>\n\t\t\t\t<\/div>\n\t\t\t\t\t<\/div>\n\t\t<\/div>\n\t\t\t\t<div class=\"elementor-column elementor-col-50 elementor-inner-column elementor-element elementor-element-4cfa15e\" data-id=\"4cfa15e\" data-element_type=\"column\">\n\t\t\t<div class=\"elementor-widget-wrap elementor-element-populated\">\n\t\t\t\t\t\t<div class=\"elementor-element elementor-element-d6c6705 elementor-widget elementor-widget-text-editor\" data-id=\"d6c6705\" data-element_type=\"widget\" data-widget_type=\"text-editor.default\">\n\t\t\t\t<div class=\"elementor-widget-container\">\n\t\t\t\t\t\t\t\t\t<p>Consolidarse como un hito hist\u00f3rico y cultural de gran impacto para los j\u00f3venes de la ciudad, aprovechando el arte y la historia para la formaci\u00f3n y participaci\u00f3n activa de la comunidad.<\/p>\t\t\t\t\t\t\t\t<\/div>\n\t\t\t\t<\/div>\n\t\t\t\t\t<\/div>\n\t\t<\/div>\n\t\t\t\t\t<\/div>\n\t\t<\/section>\n\t\t\t\t\t<\/div>\n\t\t<\/div>\n\t\t\t\t\t<\/div>\n\t\t<\/section>\n\t\t\t\t<section class=\"elementor-section elementor-top-section elementor-element elementor-element-6d19b77 elementor-section-boxed elementor-section-height-default elementor-section-height-default wpr-particle-no wpr-jarallax-no wpr-sticky-section-no\" data-id=\"6d19b77\" data-element_type=\"section\">\n\t\t\t\t\t\t<div class=\"elementor-container elementor-column-gap-default\">\n\t\t\t\t\t<div class=\"elementor-column elementor-col-100 elementor-top-column elementor-element elementor-element-cb27e08\" data-id=\"cb27e08\" data-element_type=\"column\">\n\t\t\t<div class=\"elementor-widget-wrap\">\n\t\t\t\t\t\t\t<\/div>\n\t\t<\/div>\n\t\t\t\t\t<\/div>\n\t\t<\/section>\n\t\t\t\t<\/div>\n\t\t","protected":false},"excerpt":{"rendered":"<p>Museo Juan Lorenzo Lucero Museo de arte religioso e historia nari\u00f1ense desde 1974 Situado en el coraz\u00f3n de Pasto, nuestro museo y casa cultural lleva m\u00e1s de 50 a\u00f1os comprometido con la preservaci\u00f3n y fomento de la rica historia y cultura nari\u00f1ense. Fundado en 1974 por el padre Jaime \u00c1lvarez como parte de la Fundaci\u00f3n Juan Lorenzo Lucero, una obra de la Compa\u00f1\u00eda de Jes\u00fas, La Casa Mariana ha albergado una diversidad de servicios comunitarios, como tipograf\u00eda, emisora, consultorio m\u00e9dico y odontol\u00f3gico, y hogar para ni\u00f1os hu\u00e9rfanos, entre otros. Hoy en d\u00eda, adem\u00e1s de conservar la memoria hist\u00f3rica de la regi\u00f3n, ofrecemos espacios dedicados a la cultura, la formaci\u00f3n y las manifestaciones art\u00edsticas, tanto para los j\u00f3venes como para toda la comunidad. Padre Jaime Alvares S.J. Naci\u00f3 el 20 de julio 1917, en un pueblo panelero de las monta\u00f1as antioque\u00f1as llamado Frontino, hizo sus estudios sacerdotales en el seminario de Medell\u00edn, se convirti\u00f3 en sacerdote a sus 25 a\u00f1os, tres a\u00f1os despu\u00e9s ingres\u00f3 a la compa\u00f1\u00eda de Jes\u00fas y posteriormente se radic\u00f3 en Pasto. M\u00e1s de la mitad de su larga vida de 84 a\u00f1os se la entreg\u00f3 a Pasto, admiro a Nari\u00f1o por su cultura, por sus gentes y sus paisajes, m\u00e1s a\u00fan, se sinti\u00f3 como hijo de esta bella y generosa tierra. Cualquier idea que pasaba en su cerebro las convert\u00eda de inmediato en obras, siempre inspiradas por su fe cristiana y su sentir sacerdotal. Ante los problemas y necesidades sociales no se preguntaba qu\u00e9 pod\u00edan hacer otros sino qu\u00e9 pod\u00eda hacer \u00e9l; y de inmediato pasaba a la acci\u00f3n. De ah\u00ed la largu\u00edsima lista de sus obras en favor de esta ciudad, algunas de estas son la Casa Mariana, Emisora Ecos de Pasto, Hogar de Cristo para ni\u00f1os hu\u00e9rfanos, funeraria San Juan, tipograf\u00eda Javier, Museo Juan Lorenzo Lucero, consultorio m\u00e9dico y odontol\u00f3gico, la botica. Compromiso con la preservaci\u00f3n El Museo Juan Lorenzo Lucero, ubicado en la hist\u00f3rica Casa Mariana, es mucho m\u00e1s que un espacio de exhibici\u00f3n: es un guardi\u00e1n del legado cultural y social de Nari\u00f1o. Fundado en 1974 por el padre Jaime \u00c1lvarez S.J. como parte de la Fundaci\u00f3n Juan Lorenzo Lucero, este museo alberga un valioso archivo fotogr\u00e1fico, documental y patrimonial que refleja la memoria viva de nuestra regi\u00f3n. Sus colecciones y su constante proceso de conservaci\u00f3n y digitalizaci\u00f3n testimonian la riqueza de Nari\u00f1o y su gente, asegurando que las historias del pasado sigan inspirando el presente y el futuro. Adem\u00e1s de preservar este legado, el museo ofrece espacios para la cultura, la formaci\u00f3n y las manifestaciones art\u00edsticas, acercando a toda la comunidad a la belleza y diversidad de nuestra historia compartida Misi\u00f3n Visi\u00f3n Conservar piezas de arte religioso e historia regional, exhibirlas de manera democr\u00e1tica y brindar formaci\u00f3n integral a trav\u00e9s del arte, la cultura y el desarrollo personal, con especial \u00e9nfasis en la juventud de Pasto. Consolidarse como un hito hist\u00f3rico y cultural de gran impacto para los j\u00f3venes de la ciudad, aprovechando el arte y la historia para la formaci\u00f3n y participaci\u00f3n activa de la comunidad.<\/p>\n","protected":false},"author":1,"featured_media":0,"parent":0,"menu_order":0,"comment_status":"closed","ping_status":"closed","template":"","meta":{"footnotes":""},"class_list":["post-612","page","type-page","status-publish","hentry"],"_links":{"self":[{"href":"https:\/\/museojuanlorenzo.com\/index.php\/wp-json\/wp\/v2\/pages\/612","targetHints":{"allow":["GET"]}}],"collection":[{"href":"https:\/\/museojuanlorenzo.com\/index.php\/wp-json\/wp\/v2\/pages"}],"about":[{"href":"https:\/\/museojuanlorenzo.com\/index.php\/wp-json\/wp\/v2\/types\/page"}],"author":[{"embeddable":true,"href":"https:\/\/museojuanlorenzo.com\/index.php\/wp-json\/wp\/v2\/users\/1"}],"replies":[{"embeddable":true,"href":"https:\/\/museojuanlorenzo.com\/index.php\/wp-json\/wp\/v2\/comments?post=612"}],"version-history":[{"count":297,"href":"https:\/\/museojuanlorenzo.com\/index.php\/wp-json\/wp\/v2\/pages\/612\/revisions"}],"predecessor-version":[{"id":2834,"href":"https:\/\/museojuanlorenzo.com\/index.php\/wp-json\/wp\/v2\/pages\/612\/revisions\/2834"}],"wp:attachment":[{"href":"https:\/\/museojuanlorenzo.com\/index.php\/wp-json\/wp\/v2\/media?parent=612"}],"curies":[{"name":"wp","href":"https:\/\/api.w.org\/{rel}","templated":true}]}}