{"id":572,"date":"2021-06-18T06:33:33","date_gmt":"2021-06-18T06:33:33","guid":{"rendered":"https:\/\/museojuanlorenzo.com\/index.php\/home\/"},"modified":"2026-04-04T01:43:25","modified_gmt":"2026-04-04T01:43:25","slug":"home","status":"publish","type":"page","link":"https:\/\/museojuanlorenzo.com\/","title":{"rendered":"Home"},"content":{"rendered":"\t\t<div data-elementor-type=\"wp-page\" data-elementor-id=\"572\" class=\"elementor elementor-572\">\n\t\t\t\t\t\t<section class=\"elementor-section elementor-top-section elementor-element elementor-element-136f8b5 elementor-section-height-full elementor-section-boxed elementor-section-height-default elementor-section-items-middle wpr-particle-no wpr-jarallax-no wpr-sticky-section-no\" data-id=\"136f8b5\" data-element_type=\"section\" data-settings=\"{&quot;background_background&quot;:&quot;classic&quot;}\">\n\t\t\t\t\t\t\t<div class=\"elementor-background-overlay\"><\/div>\n\t\t\t\t\t\t\t<div class=\"elementor-container elementor-column-gap-default\">\n\t\t\t\t\t<div class=\"elementor-column elementor-col-100 elementor-top-column elementor-element elementor-element-1142cca\" data-id=\"1142cca\" data-element_type=\"column\">\n\t\t\t<div class=\"elementor-widget-wrap elementor-element-populated\">\n\t\t\t\t\t\t<section class=\"elementor-section elementor-inner-section elementor-element elementor-element-ef7360c elementor-section-boxed elementor-section-height-default elementor-section-height-default wpr-particle-no wpr-jarallax-no wpr-sticky-section-no\" data-id=\"ef7360c\" data-element_type=\"section\">\n\t\t\t\t\t\t<div class=\"elementor-container elementor-column-gap-default\">\n\t\t\t\t\t<div class=\"elementor-column elementor-col-100 elementor-inner-column elementor-element elementor-element-c881952\" data-id=\"c881952\" data-element_type=\"column\">\n\t\t\t<div class=\"elementor-widget-wrap elementor-element-populated\">\n\t\t\t\t\t\t<div class=\"elementor-element elementor-element-97d1727 elementor-widget__width-initial elementor-widget elementor-widget-heading\" data-id=\"97d1727\" data-element_type=\"widget\" data-widget_type=\"heading.default\">\n\t\t\t\t<div class=\"elementor-widget-container\">\n\t\t\t\t\t<h2 class=\"elementor-heading-title elementor-size-default\">Descubre la Historia y Cultura de Nari\u00f1o.<\/h2>\t\t\t\t<\/div>\n\t\t\t\t<\/div>\n\t\t\t\t<div class=\"elementor-element elementor-element-dadde17 wpr-button-icon-style-inline wpr-button-icon-position-right elementor-widget elementor-widget-wpr-button\" data-id=\"dadde17\" data-element_type=\"widget\" data-widget_type=\"wpr-button.default\">\n\t\t\t\t<div class=\"elementor-widget-container\">\n\t\t\t\t\t\t\n\t\t\t\n\t\t\n\t\t<div class=\"wpr-button-wrap elementor-clearfix\">\n\t\t<a class=\"wpr-button wpr-button-effect elementor-animation-grow\" data-text=\"Go\" href=\"https:\/\/museojuanlorenzo.com\/index.php\/reserva-tu-visita\/\">\n\t\t\t\n\t\t\t<span class=\"wpr-button-content\">\n\t\t\t\t\t\t\t\t\t<span class=\"wpr-button-text\">RESERVA TU VISITA<\/span>\n\t\t\t\t\t\t\t\t\n\t\t\t\t\t\t\t\t\t<span class=\"wpr-button-icon\"><i class=\"fas fa-angle-right\"><\/i><\/span>\n\t\t\t\t\t\t\t<\/span>\n\t\t<\/a>\n\n\t\t\t\t<\/div>\n\t\n\t\n\t\t\t\t\t<\/div>\n\t\t\t\t<\/div>\n\t\t\t\t\t<\/div>\n\t\t<\/div>\n\t\t\t\t\t<\/div>\n\t\t<\/section>\n\t\t\t\t\t<\/div>\n\t\t<\/div>\n\t\t\t\t\t<\/div>\n\t\t<\/section>\n\t\t\t\t<section class=\"elementor-section elementor-top-section elementor-element elementor-element-58f1035 elementor-section-boxed elementor-section-height-default elementor-section-height-default wpr-particle-no wpr-jarallax-no wpr-sticky-section-no\" data-id=\"58f1035\" data-element_type=\"section\">\n\t\t\t\t\t\t<div class=\"elementor-container elementor-column-gap-default\">\n\t\t\t\t\t<div class=\"elementor-column elementor-col-100 elementor-top-column elementor-element elementor-element-217b9c5\" data-id=\"217b9c5\" data-element_type=\"column\">\n\t\t\t<div class=\"elementor-widget-wrap elementor-element-populated\">\n\t\t\t\t\t\t<div class=\"elementor-element elementor-element-2583ade elementor-widget elementor-widget-spacer\" data-id=\"2583ade\" data-element_type=\"widget\" data-widget_type=\"spacer.default\">\n\t\t\t\t<div class=\"elementor-widget-container\">\n\t\t\t\t\t\t\t<div class=\"elementor-spacer\">\n\t\t\t<div class=\"elementor-spacer-inner\"><\/div>\n\t\t<\/div>\n\t\t\t\t\t\t<\/div>\n\t\t\t\t<\/div>\n\t\t\t\t\t<\/div>\n\t\t<\/div>\n\t\t\t\t\t<\/div>\n\t\t<\/section>\n\t\t\t\t<section class=\"elementor-section elementor-top-section elementor-element elementor-element-a7469bd elementor-section-boxed elementor-section-height-default elementor-section-height-default wpr-particle-no wpr-jarallax-no wpr-sticky-section-no\" data-id=\"a7469bd\" data-element_type=\"section\">\n\t\t\t\t\t\t<div class=\"elementor-container elementor-column-gap-default\">\n\t\t\t\t\t<div class=\"elementor-column elementor-col-50 elementor-top-column elementor-element elementor-element-998f107\" data-id=\"998f107\" data-element_type=\"column\">\n\t\t\t<div class=\"elementor-widget-wrap elementor-element-populated\">\n\t\t\t\t\t\t<div class=\"elementor-element elementor-element-644890f elementor-widget__width-initial elementor-widget elementor-widget-shortcode\" data-id=\"644890f\" data-element_type=\"widget\" data-widget_type=\"shortcode.default\">\n\t\t\t\t<div class=\"elementor-widget-container\">\n\t\t\t\t\t\t\t<div class=\"elementor-shortcode\"><div id=\"metaslider-id-1325\" style=\"max-width: 800px; margin: 0 auto;\" class=\"ml-slider-3-99-0 metaslider metaslider-flex metaslider-1325 ml-slider hide-navigation-smartphone hide-navigation-tablet ms-theme-blend nav-hidden\" role=\"region\" aria-label=\"Salas\" data-width=\"800\">\n    <div id=\"metaslider_container_1325\">\n        <div id=\"metaslider_1325\">\n            <ul class='slides'>\n                <li style=\"display: block; width: 100%;\" class=\"slide-1328 ms-image \" aria-roledescription=\"slide\" data-date=\"2024-07-24 22:43:41\"><img fetchpriority=\"high\" decoding=\"async\" src=\"https:\/\/museojuanlorenzo.com\/wp-content\/uploads\/2024\/07\/20231030152634_IMG_3290-1-800x430.png\" height=\"430\" width=\"800\" alt=\"\" class=\"slider-1325 slide-1328 msDefaultImage\" title=\"20231030152634_IMG_3290\" \/><div class=\"caption-wrap\"><div class=\"caption\"><div><strong>Arte Religioso y Liturgia Popular<\/strong><\/div><\/div><\/div><\/li>\n                <li style=\"display: none; width: 100%;\" class=\"slide-1329 ms-image \" aria-roledescription=\"slide\" data-date=\"2024-07-25 21:19:20\"><img decoding=\"async\" src=\"https:\/\/museojuanlorenzo.com\/wp-content\/uploads\/2024\/07\/20240625002553_IMG_4868-800x430.jpg\" height=\"430\" width=\"800\" alt=\"\" class=\"slider-1325 slide-1329 msDefaultImage\" title=\"20240625002553_IMG_4868\" \/><div class=\"caption-wrap\"><div class=\"caption\"><div><strong>Historia Regional\u00a0<\/strong><\/div><\/div><\/div><\/li>\n                <li style=\"display: none; width: 100%;\" class=\"slide-1331 ms-image \" aria-roledescription=\"slide\" data-date=\"2024-07-25 21:21:02\"><img decoding=\"async\" src=\"https:\/\/museojuanlorenzo.com\/wp-content\/uploads\/2024\/07\/20240625002655_IMG_4870-800x430.jpg\" height=\"430\" width=\"800\" alt=\"\" class=\"slider-1325 slide-1331 msDefaultImage\" title=\"20240625002655_IMG_4870\" \/><div class=\"caption-wrap\"><div class=\"caption\"><div><strong>Hombres de Misi\u00f3n<\/strong><\/div><\/div><\/div><\/li>\n                <li style=\"display: none; width: 100%;\" class=\"slide-1333 ms-image \" aria-roledescription=\"slide\" data-date=\"2024-07-25 21:22:20\"><img loading=\"lazy\" decoding=\"async\" src=\"https:\/\/museojuanlorenzo.com\/wp-content\/uploads\/2024\/07\/20240625002810_IMG_4872-800x430.jpg\" height=\"430\" width=\"800\" alt=\"\" class=\"slider-1325 slide-1333 msDefaultImage\" title=\"20240625002810_IMG_4872\" \/><div class=\"caption-wrap\"><div class=\"caption\"><div><strong>Pasto del Siglo XX - Compositores Nari\u00f1enses<\/strong><\/div><\/div><\/div><\/li>\n                <li style=\"display: none; width: 100%;\" class=\"slide-1336 ms-image \" aria-roledescription=\"slide\" data-date=\"2024-07-25 21:28:14\"><img loading=\"lazy\" decoding=\"async\" src=\"https:\/\/museojuanlorenzo.com\/wp-content\/uploads\/2024\/07\/20240625002432_IMG_4864-800x430.jpg\" height=\"430\" width=\"800\" alt=\"\" class=\"slider-1325 slide-1336 msDefaultImage\" title=\"20240625002432_IMG_4864\" \/><div class=\"caption-wrap\"><div class=\"caption\"><div><strong>Memoria y Creaci\u00f3n<\/strong><\/div><\/div><\/div><\/li>\n            <\/ul>\n        <\/div>\n        \n    <\/div>\n<\/div><\/div>\n\t\t\t\t\t\t<\/div>\n\t\t\t\t<\/div>\n\t\t\t\t\t<\/div>\n\t\t<\/div>\n\t\t\t\t<div class=\"elementor-column elementor-col-50 elementor-top-column elementor-element elementor-element-6603a92\" data-id=\"6603a92\" data-element_type=\"column\" data-settings=\"{&quot;background_background&quot;:&quot;classic&quot;}\">\n\t\t\t<div class=\"elementor-widget-wrap elementor-element-populated\">\n\t\t\t\t\t\t<div class=\"elementor-element elementor-element-5848535 elementor-widget elementor-widget-heading\" data-id=\"5848535\" data-element_type=\"widget\" data-widget_type=\"heading.default\">\n\t\t\t\t<div class=\"elementor-widget-container\">\n\t\t\t\t\t<h2 class=\"elementor-heading-title elementor-size-default\">Salas<\/h2>\t\t\t\t<\/div>\n\t\t\t\t<\/div>\n\t\t\t\t<div class=\"elementor-element elementor-element-b25cc90 elementor-widget__width-inherit elementor-widget elementor-widget-text-editor\" data-id=\"b25cc90\" data-element_type=\"widget\" data-widget_type=\"text-editor.default\">\n\t\t\t\t<div class=\"elementor-widget-container\">\n\t\t\t\t\t\t\t\t\t<p>Un recorrido por cada matiz de la cultura Nari\u00f1ense.<\/p><p><span style=\"font-weight: 500; font-size: 14px; background-color: rgba(32, 29, 34, 0);\">Buscamos ofrecer un espacio para el arte y la cultura. P<\/span><span style=\"font-weight: 500; color: #585858; font-size: 14px;\">oseemos una amplia colecci\u00f3n de piezas de cada \u00e9poca del departamento de Nari\u00f1o, desde nuestro legado art\u00edstico hasta las problem\u00e1ticas sociales de la actualidad.\u00a0<\/span><span style=\"font-size: 16px; font-weight: 500; text-align: center; color: #404040; font-family: Lato, 'Helvetica Neue', helvetica, arial, sans-serif; background-color: rgba(32, 29, 34, 0);\">\u00a0<\/span><\/p>\t\t\t\t\t\t\t\t<\/div>\n\t\t\t\t<\/div>\n\t\t\t\t\t<\/div>\n\t\t<\/div>\n\t\t\t\t\t<\/div>\n\t\t<\/section>\n\t\t\t\t<section class=\"elementor-section elementor-top-section elementor-element elementor-element-9d17e5b elementor-section-boxed elementor-section-height-default elementor-section-height-default wpr-particle-no wpr-jarallax-no wpr-sticky-section-no\" data-id=\"9d17e5b\" data-element_type=\"section\">\n\t\t\t\t\t\t<div class=\"elementor-container elementor-column-gap-default\">\n\t\t\t\t\t<div class=\"elementor-column elementor-col-100 elementor-top-column elementor-element elementor-element-b2eb7ea\" data-id=\"b2eb7ea\" data-element_type=\"column\">\n\t\t\t<div class=\"elementor-widget-wrap elementor-element-populated\">\n\t\t\t\t\t\t<div class=\"elementor-element elementor-element-bd92262 elementor-widget elementor-widget-heading\" data-id=\"bd92262\" data-element_type=\"widget\" data-widget_type=\"heading.default\">\n\t\t\t\t<div class=\"elementor-widget-container\">\n\t\t\t\t\t<h2 class=\"elementor-heading-title elementor-size-default\">Qu\u00e9 Hacer en el Museo<\/h2>\t\t\t\t<\/div>\n\t\t\t\t<\/div>\n\t\t\t\t\t<\/div>\n\t\t<\/div>\n\t\t\t\t\t<\/div>\n\t\t<\/section>\n\t\t\t\t<section class=\"elementor-section elementor-top-section elementor-element elementor-element-cb850c6 elementor-section-boxed elementor-section-height-default elementor-section-height-default wpr-particle-no wpr-jarallax-no wpr-sticky-section-no\" data-id=\"cb850c6\" data-element_type=\"section\">\n\t\t\t\t\t\t<div class=\"elementor-container elementor-column-gap-default\">\n\t\t\t\t\t<div class=\"elementor-column elementor-col-50 elementor-top-column elementor-element elementor-element-02017cf\" data-id=\"02017cf\" data-element_type=\"column\">\n\t\t\t<div class=\"elementor-widget-wrap elementor-element-populated\">\n\t\t\t\t\t\t<div class=\"elementor-element elementor-element-1784a9d elementor-widget elementor-widget-spacer\" data-id=\"1784a9d\" data-element_type=\"widget\" data-widget_type=\"spacer.default\">\n\t\t\t\t<div class=\"elementor-widget-container\">\n\t\t\t\t\t\t\t<div class=\"elementor-spacer\">\n\t\t\t<div class=\"elementor-spacer-inner\"><\/div>\n\t\t<\/div>\n\t\t\t\t\t\t<\/div>\n\t\t\t\t<\/div>\n\t\t\t\t\t<\/div>\n\t\t<\/div>\n\t\t\t\t<div class=\"elementor-column elementor-col-50 elementor-top-column elementor-element elementor-element-4bc6a3c\" data-id=\"4bc6a3c\" data-element_type=\"column\">\n\t\t\t<div class=\"elementor-widget-wrap elementor-element-populated\">\n\t\t\t\t\t\t<div class=\"elementor-element elementor-element-6d13d4e elementor-widget elementor-widget-text-editor\" data-id=\"6d13d4e\" data-element_type=\"widget\" data-widget_type=\"text-editor.default\">\n\t\t\t\t<div class=\"elementor-widget-container\">\n\t\t\t\t\t\t\t\t\t<p class=\"MsoNormal\" style=\"text-align: center;\">Dentro de nuestros espacios encontrar\u00e1s una variedad de actividades dedicadas a la cultura y el arte. Nuestros talleres est\u00e1n disponibles para todo el p\u00fablico para que puedas expresar y explorar tus talentos.\u00a0<\/p>\t\t\t\t\t\t\t\t<\/div>\n\t\t\t\t<\/div>\n\t\t\t\t\t<\/div>\n\t\t<\/div>\n\t\t\t\t\t<\/div>\n\t\t<\/section>\n\t\t\t\t<section class=\"elementor-section elementor-top-section elementor-element elementor-element-ec20320 elementor-section-boxed elementor-section-height-default elementor-section-height-default wpr-particle-no wpr-jarallax-no wpr-sticky-section-no\" data-id=\"ec20320\" data-element_type=\"section\">\n\t\t\t\t\t\t<div class=\"elementor-container elementor-column-gap-default\">\n\t\t\t\t\t<div class=\"elementor-column elementor-col-100 elementor-top-column elementor-element elementor-element-35d3593\" data-id=\"35d3593\" data-element_type=\"column\">\n\t\t\t<div class=\"elementor-widget-wrap elementor-element-populated\">\n\t\t\t\t\t\t<div class=\"elementor-element elementor-element-2f410b4 elementor-widget-divider--view-line elementor-widget elementor-widget-divider\" data-id=\"2f410b4\" data-element_type=\"widget\" data-widget_type=\"divider.default\">\n\t\t\t\t<div class=\"elementor-widget-container\">\n\t\t\t\t\t\t\t<div class=\"elementor-divider\">\n\t\t\t<span class=\"elementor-divider-separator\">\n\t\t\t\t\t\t<\/span>\n\t\t<\/div>\n\t\t\t\t\t\t<\/div>\n\t\t\t\t<\/div>\n\t\t\t\t\t<\/div>\n\t\t<\/div>\n\t\t\t\t\t<\/div>\n\t\t<\/section>\n\t\t\t\t<section class=\"elementor-section elementor-top-section elementor-element elementor-element-9a03949 elementor-section-full_width elementor-section-height-default elementor-section-height-default wpr-particle-no wpr-jarallax-no wpr-sticky-section-no\" data-id=\"9a03949\" data-element_type=\"section\">\n\t\t\t\t\t\t<div class=\"elementor-container elementor-column-gap-default\">\n\t\t\t\t\t<div class=\"elementor-column elementor-col-100 elementor-top-column elementor-element elementor-element-fa9aff4\" data-id=\"fa9aff4\" data-element_type=\"column\" data-settings=\"{&quot;background_background&quot;:&quot;classic&quot;}\">\n\t\t\t<div class=\"elementor-widget-wrap elementor-element-populated\">\n\t\t\t\t\t\t<div class=\"elementor-element elementor-element-1b83045 elementor-widget elementor-widget-heading\" data-id=\"1b83045\" data-element_type=\"widget\" data-widget_type=\"heading.default\">\n\t\t\t\t<div class=\"elementor-widget-container\">\n\t\t\t\t\t<h2 class=\"elementor-heading-title elementor-size-default\">Servicios<\/h2>\t\t\t\t<\/div>\n\t\t\t\t<\/div>\n\t\t\t\t\t<\/div>\n\t\t<\/div>\n\t\t\t\t\t<\/div>\n\t\t<\/section>\n\t\t\t\t<section class=\"elementor-section elementor-top-section elementor-element elementor-element-80648dc elementor-section-boxed elementor-section-height-default elementor-section-height-default wpr-particle-no wpr-jarallax-no wpr-sticky-section-no\" data-id=\"80648dc\" data-element_type=\"section\">\n\t\t\t\t\t\t<div class=\"elementor-container elementor-column-gap-default\">\n\t\t\t\t\t<div class=\"elementor-column elementor-col-100 elementor-top-column elementor-element elementor-element-454bd05\" data-id=\"454bd05\" data-element_type=\"column\" data-settings=\"{&quot;background_background&quot;:&quot;gradient&quot;}\">\n\t\t\t<div class=\"elementor-widget-wrap elementor-element-populated\">\n\t\t\t\t\t<div class=\"elementor-background-overlay\"><\/div>\n\t\t\t\t\t\t<section class=\"elementor-section elementor-inner-section elementor-element elementor-element-79fa7cf elementor-section-height-min-height elementor-section-boxed elementor-section-height-default wpr-particle-no wpr-jarallax-no wpr-sticky-section-no\" data-id=\"79fa7cf\" data-element_type=\"section\" data-settings=\"{&quot;background_background&quot;:&quot;classic&quot;}\">\n\t\t\t\t\t\t<div class=\"elementor-container elementor-column-gap-default\">\n\t\t\t\t\t<div class=\"elementor-column elementor-col-50 elementor-inner-column elementor-element elementor-element-69c036f\" data-id=\"69c036f\" data-element_type=\"column\" data-settings=\"{&quot;background_background&quot;:&quot;gradient&quot;}\">\n\t\t\t<div class=\"elementor-widget-wrap elementor-element-populated\">\n\t\t\t\t\t<div class=\"elementor-background-overlay\"><\/div>\n\t\t\t\t\t\t<div class=\"elementor-element elementor-element-c587a55 elementor-widget elementor-widget-image\" data-id=\"c587a55\" data-element_type=\"widget\" data-widget_type=\"image.default\">\n\t\t\t\t<div class=\"elementor-widget-container\">\n\t\t\t\t\t\t\t\t\t\t\t\t\t\t\t<img loading=\"lazy\" decoding=\"async\" width=\"768\" height=\"543\" src=\"https:\/\/museojuanlorenzo.com\/wp-content\/uploads\/2024\/10\/recorrido-768x543.jpg\" class=\"attachment-medium_large size-medium_large wp-image-1994\" alt=\"\" srcset=\"https:\/\/museojuanlorenzo.com\/wp-content\/uploads\/2024\/10\/recorrido-768x543.jpg 768w, https:\/\/museojuanlorenzo.com\/wp-content\/uploads\/2024\/10\/recorrido-300x212.jpg 300w, https:\/\/museojuanlorenzo.com\/wp-content\/uploads\/2024\/10\/recorrido-1024x724.jpg 1024w, https:\/\/museojuanlorenzo.com\/wp-content\/uploads\/2024\/10\/recorrido-1536x1086.jpg 1536w, https:\/\/museojuanlorenzo.com\/wp-content\/uploads\/2024\/10\/recorrido.jpg 1684w\" sizes=\"(max-width: 768px) 100vw, 768px\" \/>\t\t\t\t\t\t\t\t\t\t\t\t\t\t\t<\/div>\n\t\t\t\t<\/div>\n\t\t\t\t<div class=\"elementor-element elementor-element-81e3977 elementor-widget elementor-widget-heading\" data-id=\"81e3977\" data-element_type=\"widget\" data-widget_type=\"heading.default\">\n\t\t\t\t<div class=\"elementor-widget-container\">\n\t\t\t\t\t<h6 class=\"elementor-heading-title elementor-size-default\"><p><span lang=\"ES-MX\">Recorridos Guiados.<\/span><span style=\"letter-spacing: -0.02em\"><\/span><\/p><span style=\"font-family: Lato, sans-serif;font-size: 14px;font-weight: 400\">Agenda tu recorrido y descubre la historia y el arte de Nari\u00f1o.<\/span><\/h6>\t\t\t\t<\/div>\n\t\t\t\t<\/div>\n\t\t\t\t\t<\/div>\n\t\t<\/div>\n\t\t\t\t<div class=\"elementor-column elementor-col-50 elementor-inner-column elementor-element elementor-element-4baf760\" data-id=\"4baf760\" data-element_type=\"column\" data-settings=\"{&quot;background_background&quot;:&quot;classic&quot;}\">\n\t\t\t<div class=\"elementor-widget-wrap elementor-element-populated\">\n\t\t\t\t\t<div class=\"elementor-background-overlay\"><\/div>\n\t\t\t\t\t\t<div class=\"elementor-element elementor-element-21e9b33 elementor-widget elementor-widget-image\" data-id=\"21e9b33\" data-element_type=\"widget\" data-widget_type=\"image.default\">\n\t\t\t\t<div class=\"elementor-widget-container\">\n\t\t\t\t\t\t\t\t\t\t\t\t\t\t\t<img loading=\"lazy\" decoding=\"async\" width=\"768\" height=\"543\" src=\"https:\/\/museojuanlorenzo.com\/wp-content\/uploads\/2024\/10\/reservas-768x543.jpg\" class=\"attachment-medium_large size-medium_large wp-image-1995\" alt=\"\" srcset=\"https:\/\/museojuanlorenzo.com\/wp-content\/uploads\/2024\/10\/reservas-768x543.jpg 768w, https:\/\/museojuanlorenzo.com\/wp-content\/uploads\/2024\/10\/reservas-300x212.jpg 300w, https:\/\/museojuanlorenzo.com\/wp-content\/uploads\/2024\/10\/reservas-1024x724.jpg 1024w, https:\/\/museojuanlorenzo.com\/wp-content\/uploads\/2024\/10\/reservas-1536x1086.jpg 1536w, https:\/\/museojuanlorenzo.com\/wp-content\/uploads\/2024\/10\/reservas.jpg 1684w\" sizes=\"(max-width: 768px) 100vw, 768px\" \/>\t\t\t\t\t\t\t\t\t\t\t\t\t\t\t<\/div>\n\t\t\t\t<\/div>\n\t\t\t\t<div class=\"elementor-element elementor-element-e4cce8a elementor-widget elementor-widget-heading\" data-id=\"e4cce8a\" data-element_type=\"widget\" data-widget_type=\"heading.default\">\n\t\t\t\t<div class=\"elementor-widget-container\">\n\t\t\t\t\t<h6 class=\"elementor-heading-title elementor-size-default\"><p>Reserva del Lugar<span lang=\"ES-MX\">.<\/span><\/p><span style=\"font-family: Roboto, sans-serif;font-size: 14px;font-weight: 400\">Solicita nuestros espacios para realizar tus eventos.<\/span><\/h6>\t\t\t\t<\/div>\n\t\t\t\t<\/div>\n\t\t\t\t\t<\/div>\n\t\t<\/div>\n\t\t\t\t\t<\/div>\n\t\t<\/section>\n\t\t\t\t<div class=\"elementor-element elementor-element-c58615c elementor-widget elementor-widget-spacer\" data-id=\"c58615c\" data-element_type=\"widget\" data-widget_type=\"spacer.default\">\n\t\t\t\t<div class=\"elementor-widget-container\">\n\t\t\t\t\t\t\t<div class=\"elementor-spacer\">\n\t\t\t<div class=\"elementor-spacer-inner\"><\/div>\n\t\t<\/div>\n\t\t\t\t\t\t<\/div>\n\t\t\t\t<\/div>\n\t\t\t\t\t<\/div>\n\t\t<\/div>\n\t\t\t\t\t<\/div>\n\t\t<\/section>\n\t\t\t\t<\/div>\n\t\t","protected":false},"excerpt":{"rendered":"<p>Descubre la Historia y Cultura de Nari\u00f1o. RESERVA TU VISITA Salas Un recorrido por cada matiz de la cultura Nari\u00f1ense. Buscamos ofrecer un espacio para el arte y la cultura. Poseemos una amplia colecci\u00f3n de piezas de cada \u00e9poca del departamento de Nari\u00f1o, desde nuestro legado art\u00edstico hasta las problem\u00e1ticas sociales de la actualidad.\u00a0\u00a0 Qu\u00e9 Hacer en el Museo Dentro de nuestros espacios encontrar\u00e1s una variedad de actividades dedicadas a la cultura y el arte. Nuestros talleres est\u00e1n disponibles para todo el p\u00fablico para que puedas expresar y explorar tus talentos.\u00a0 Servicios Recorridos Guiados. Agenda tu recorrido y descubre la historia y el arte de Nari\u00f1o. Reserva del Lugar. Solicita nuestros espacios para realizar tus eventos.<\/p>\n","protected":false},"author":1,"featured_media":0,"parent":0,"menu_order":0,"comment_status":"closed","ping_status":"closed","template":"elementor_header_footer","meta":{"footnotes":""},"class_list":["post-572","page","type-page","status-publish","hentry"],"_links":{"self":[{"href":"https:\/\/museojuanlorenzo.com\/index.php\/wp-json\/wp\/v2\/pages\/572","targetHints":{"allow":["GET"]}}],"collection":[{"href":"https:\/\/museojuanlorenzo.com\/index.php\/wp-json\/wp\/v2\/pages"}],"about":[{"href":"https:\/\/museojuanlorenzo.com\/index.php\/wp-json\/wp\/v2\/types\/page"}],"author":[{"embeddable":true,"href":"https:\/\/museojuanlorenzo.com\/index.php\/wp-json\/wp\/v2\/users\/1"}],"replies":[{"embeddable":true,"href":"https:\/\/museojuanlorenzo.com\/index.php\/wp-json\/wp\/v2\/comments?post=572"}],"version-history":[{"count":443,"href":"https:\/\/museojuanlorenzo.com\/index.php\/wp-json\/wp\/v2\/pages\/572\/revisions"}],"predecessor-version":[{"id":2965,"href":"https:\/\/museojuanlorenzo.com\/index.php\/wp-json\/wp\/v2\/pages\/572\/revisions\/2965"}],"wp:attachment":[{"href":"https:\/\/museojuanlorenzo.com\/index.php\/wp-json\/wp\/v2\/media?parent=572"}],"curies":[{"name":"wp","href":"https:\/\/api.w.org\/{rel}","templated":true}]}}