{"id":2651,"date":"2025-05-30T19:11:45","date_gmt":"2025-05-30T19:11:45","guid":{"rendered":"https:\/\/museojuanlorenzo.com\/?page_id=2651"},"modified":"2025-06-20T16:25:57","modified_gmt":"2025-06-20T16:25:57","slug":"voluntariado","status":"publish","type":"page","link":"https:\/\/museojuanlorenzo.com\/index.php\/voluntariado\/","title":{"rendered":"Voluntariado"},"content":{"rendered":"\t\t<div data-elementor-type=\"wp-page\" data-elementor-id=\"2651\" class=\"elementor elementor-2651\">\n\t\t\t\t\t\t<section class=\"elementor-section elementor-top-section elementor-element elementor-element-a131f57 elementor-section-boxed elementor-section-height-default elementor-section-height-default wpr-particle-no wpr-jarallax-no wpr-sticky-section-no\" data-id=\"a131f57\" data-element_type=\"section\">\n\t\t\t\t\t\t<div class=\"elementor-container elementor-column-gap-default\">\n\t\t\t\t\t<div class=\"elementor-column elementor-col-100 elementor-top-column elementor-element elementor-element-4706ab6\" data-id=\"4706ab6\" data-element_type=\"column\">\n\t\t\t<div class=\"elementor-widget-wrap elementor-element-populated\">\n\t\t\t\t\t\t<div class=\"elementor-element elementor-element-8c3ca52 elementor-widget elementor-widget-text-editor\" data-id=\"8c3ca52\" data-element_type=\"widget\" data-widget_type=\"text-editor.default\">\n\t\t\t\t<div class=\"elementor-widget-container\">\n\t\t\t\t\t\t\t\t\t<p>El museo fomenta la participaci\u00f3n juvenil y comunitaria mediante programas de voluntariado. J\u00f3venes y adultos tienen voz, voto y lugar en la construcci\u00f3n de espacios de memoria, cultura y arte.<\/p>\t\t\t\t\t\t\t\t<\/div>\n\t\t\t\t<\/div>\n\t\t\t\t\t<\/div>\n\t\t<\/div>\n\t\t\t\t\t<\/div>\n\t\t<\/section>\n\t\t\t\t<section class=\"elementor-section elementor-top-section elementor-element elementor-element-7312a5d elementor-section-boxed elementor-section-height-default elementor-section-height-default wpr-particle-no wpr-jarallax-no wpr-sticky-section-no\" data-id=\"7312a5d\" data-element_type=\"section\">\n\t\t\t\t\t\t<div class=\"elementor-container elementor-column-gap-default\">\n\t\t\t\t\t<div class=\"elementor-column elementor-col-100 elementor-top-column elementor-element elementor-element-9244bb6\" data-id=\"9244bb6\" data-element_type=\"column\">\n\t\t\t<div class=\"elementor-widget-wrap elementor-element-populated\">\n\t\t\t\t\t\t<div class=\"elementor-element elementor-element-31911da elementor-widget elementor-widget-heading\" data-id=\"31911da\" data-element_type=\"widget\" data-widget_type=\"heading.default\">\n\t\t\t\t<div class=\"elementor-widget-container\">\n\t\t\t\t\t<h2 class=\"elementor-heading-title elementor-size-default\">Clubs de cine - <span style=\"letter-spacing: -0.02em\">Arte Uyariy<\/span><span style=\"letter-spacing: -0.02em\"><\/span><br><\/h2>\t\t\t\t<\/div>\n\t\t\t\t<\/div>\n\t\t\t\t\t<\/div>\n\t\t<\/div>\n\t\t\t\t\t<\/div>\n\t\t<\/section>\n\t\t\t\t<section class=\"elementor-section elementor-top-section elementor-element elementor-element-434d3b1 elementor-section-boxed elementor-section-height-default elementor-section-height-default wpr-particle-no wpr-jarallax-no wpr-sticky-section-no\" data-id=\"434d3b1\" data-element_type=\"section\">\n\t\t\t\t\t\t<div class=\"elementor-container elementor-column-gap-default\">\n\t\t\t\t\t<div class=\"elementor-column elementor-col-100 elementor-top-column elementor-element elementor-element-a2efaa3\" data-id=\"a2efaa3\" data-element_type=\"column\">\n\t\t\t<div class=\"elementor-widget-wrap elementor-element-populated\">\n\t\t\t\t\t\t<div class=\"elementor-element elementor-element-88d4381 elementor-widget elementor-widget-text-editor\" data-id=\"88d4381\" data-element_type=\"widget\" data-widget_type=\"text-editor.default\">\n\t\t\t\t<div class=\"elementor-widget-container\">\n\t\t\t\t\t\t\t\t\t<p>Promueve la apreciaci\u00f3n cinematogr\u00e1fica y la reflexi\u00f3n cr\u00edtica mediante proyecciones y debates. Vinculado a la red de cineclubes de Nari\u00f1o y a la Red Nacional de J\u00f3venes de Ambiente, el club busca que el cine sea un puente para la cultura, la memoria y la educaci\u00f3n.<\/p>\t\t\t\t\t\t\t\t<\/div>\n\t\t\t\t<\/div>\n\t\t\t\t\t<\/div>\n\t\t<\/div>\n\t\t\t\t\t<\/div>\n\t\t<\/section>\n\t\t\t\t<section class=\"elementor-section elementor-top-section elementor-element elementor-element-51e6c4b elementor-section-boxed elementor-section-height-default elementor-section-height-default wpr-particle-no wpr-jarallax-no wpr-sticky-section-no\" data-id=\"51e6c4b\" data-element_type=\"section\">\n\t\t\t\t\t\t<div class=\"elementor-container elementor-column-gap-default\">\n\t\t\t\t\t<div class=\"elementor-column elementor-col-100 elementor-top-column elementor-element elementor-element-44b5fb8\" data-id=\"44b5fb8\" data-element_type=\"column\">\n\t\t\t<div class=\"elementor-widget-wrap elementor-element-populated\">\n\t\t\t\t\t\t<div class=\"elementor-element elementor-element-24e6d7d elementor-widget elementor-widget-heading\" data-id=\"24e6d7d\" data-element_type=\"widget\" data-widget_type=\"heading.default\">\n\t\t\t\t<div class=\"elementor-widget-container\">\n\t\t\t\t\t<h2 class=\"elementor-heading-title elementor-size-default\">Club de literatura - Arte Inqui<\/h2>\t\t\t\t<\/div>\n\t\t\t\t<\/div>\n\t\t\t\t\t<\/div>\n\t\t<\/div>\n\t\t\t\t\t<\/div>\n\t\t<\/section>\n\t\t\t\t<section class=\"elementor-section elementor-top-section elementor-element elementor-element-38a26e5 elementor-section-boxed elementor-section-height-default elementor-section-height-default wpr-particle-no wpr-jarallax-no wpr-sticky-section-no\" data-id=\"38a26e5\" data-element_type=\"section\">\n\t\t\t\t\t\t<div class=\"elementor-container elementor-column-gap-default\">\n\t\t\t\t\t<div class=\"elementor-column elementor-col-100 elementor-top-column elementor-element elementor-element-a02057c\" data-id=\"a02057c\" data-element_type=\"column\">\n\t\t\t<div class=\"elementor-widget-wrap elementor-element-populated\">\n\t\t\t\t\t\t<div class=\"elementor-element elementor-element-79f8126 elementor-widget elementor-widget-text-editor\" data-id=\"79f8126\" data-element_type=\"widget\" data-widget_type=\"text-editor.default\">\n\t\t\t\t<div class=\"elementor-widget-container\">\n\t\t\t\t\t\t\t\t\t<p>Un espacio para quienes aman leer, escribir y compartir historias. Se centra en la literatura regional, nacional y universal, generando encuentros donde las palabras nos conectan y las narrativas cobran vida<\/p>\t\t\t\t\t\t\t\t<\/div>\n\t\t\t\t<\/div>\n\t\t\t\t\t<\/div>\n\t\t<\/div>\n\t\t\t\t\t<\/div>\n\t\t<\/section>\n\t\t\t\t<section class=\"elementor-section elementor-top-section elementor-element elementor-element-78987d7 elementor-section-boxed elementor-section-height-default elementor-section-height-default wpr-particle-no wpr-jarallax-no wpr-sticky-section-no\" data-id=\"78987d7\" data-element_type=\"section\">\n\t\t\t\t\t\t<div class=\"elementor-container elementor-column-gap-default\">\n\t\t\t\t\t<div class=\"elementor-column elementor-col-100 elementor-top-column elementor-element elementor-element-ae74c6d\" data-id=\"ae74c6d\" data-element_type=\"column\">\n\t\t\t<div class=\"elementor-widget-wrap elementor-element-populated\">\n\t\t\t\t\t\t<div class=\"elementor-element elementor-element-e8a5c38 elementor-widget elementor-widget-heading\" data-id=\"e8a5c38\" data-element_type=\"widget\" data-widget_type=\"heading.default\">\n\t\t\t\t<div class=\"elementor-widget-container\">\n\t\t\t\t\t<h2 class=\"elementor-heading-title elementor-size-default\">Club de arte<\/h2>\t\t\t\t<\/div>\n\t\t\t\t<\/div>\n\t\t\t\t\t<\/div>\n\t\t<\/div>\n\t\t\t\t\t<\/div>\n\t\t<\/section>\n\t\t\t\t<section class=\"elementor-section elementor-top-section elementor-element elementor-element-dfbb900 elementor-section-boxed elementor-section-height-default elementor-section-height-default wpr-particle-no wpr-jarallax-no wpr-sticky-section-no\" data-id=\"dfbb900\" data-element_type=\"section\">\n\t\t\t\t\t\t<div class=\"elementor-container elementor-column-gap-default\">\n\t\t\t\t\t<div class=\"elementor-column elementor-col-100 elementor-top-column elementor-element elementor-element-2a3c2f6\" data-id=\"2a3c2f6\" data-element_type=\"column\">\n\t\t\t<div class=\"elementor-widget-wrap elementor-element-populated\">\n\t\t\t\t\t\t<div class=\"elementor-element elementor-element-e45573a elementor-widget elementor-widget-text-editor\" data-id=\"e45573a\" data-element_type=\"widget\" data-widget_type=\"text-editor.default\">\n\t\t\t\t<div class=\"elementor-widget-container\">\n\t\t\t\t\t\t\t\t\t<p data-start=\"1101\" data-end=\"1355\">Espacios de creaci\u00f3n pl\u00e1stica y visual donde los participantes exploran t\u00e9cnicas, estilos y expresiones art\u00edsticas diversas. Adem\u00e1s, fomenta la participaci\u00f3n en exposiciones y actividades culturales para visibilizar el talento local.<\/p>\t\t\t\t\t\t\t\t<\/div>\n\t\t\t\t<\/div>\n\t\t\t\t\t<\/div>\n\t\t<\/div>\n\t\t\t\t\t<\/div>\n\t\t<\/section>\n\t\t\t\t<section class=\"elementor-section elementor-top-section elementor-element elementor-element-d782f4e elementor-section-boxed elementor-section-height-default elementor-section-height-default wpr-particle-no wpr-jarallax-no wpr-sticky-section-no\" data-id=\"d782f4e\" data-element_type=\"section\">\n\t\t\t\t\t\t<div class=\"elementor-container elementor-column-gap-default\">\n\t\t\t\t\t<div class=\"elementor-column elementor-col-100 elementor-top-column elementor-element elementor-element-58b030c\" data-id=\"58b030c\" data-element_type=\"column\">\n\t\t\t<div class=\"elementor-widget-wrap elementor-element-populated\">\n\t\t\t\t\t\t<div class=\"elementor-element elementor-element-1643b3d elementor-widget elementor-widget-heading\" data-id=\"1643b3d\" data-element_type=\"widget\" data-widget_type=\"heading.default\">\n\t\t\t\t<div class=\"elementor-widget-container\">\n\t\t\t\t\t<h2 class=\"elementor-heading-title elementor-size-default\">Club de teatro<\/h2>\t\t\t\t<\/div>\n\t\t\t\t<\/div>\n\t\t\t\t\t<\/div>\n\t\t<\/div>\n\t\t\t\t\t<\/div>\n\t\t<\/section>\n\t\t\t\t<section class=\"elementor-section elementor-top-section elementor-element elementor-element-1bc4273 elementor-section-boxed elementor-section-height-default elementor-section-height-default wpr-particle-no wpr-jarallax-no wpr-sticky-section-no\" data-id=\"1bc4273\" data-element_type=\"section\">\n\t\t\t\t\t\t<div class=\"elementor-container elementor-column-gap-default\">\n\t\t\t\t\t<div class=\"elementor-column elementor-col-100 elementor-top-column elementor-element elementor-element-5b2894b\" data-id=\"5b2894b\" data-element_type=\"column\">\n\t\t\t<div class=\"elementor-widget-wrap elementor-element-populated\">\n\t\t\t\t\t\t<div class=\"elementor-element elementor-element-52e3655 elementor-widget elementor-widget-text-editor\" data-id=\"52e3655\" data-element_type=\"widget\" data-widget_type=\"text-editor.default\">\n\t\t\t\t<div class=\"elementor-widget-container\">\n\t\t\t\t\t\t\t\t\t<p>Aqu\u00ed la expresi\u00f3n corporal y la interpretaci\u00f3n teatral se convierten en herramientas de di\u00e1logo y participaci\u00f3n. Los participantes desarrollan habilidades de comunicaci\u00f3n y exploraci\u00f3n creativa, generando montajes y representaciones que enriquecen la vida cultural de la regi\u00f3n.<\/p>\t\t\t\t\t\t\t\t<\/div>\n\t\t\t\t<\/div>\n\t\t\t\t<div class=\"elementor-element elementor-element-0914c57 elementor-widget elementor-widget-heading\" data-id=\"0914c57\" data-element_type=\"widget\" data-widget_type=\"heading.default\">\n\t\t\t\t<div class=\"elementor-widget-container\">\n\t\t\t\t\t<h2 class=\"elementor-heading-title elementor-size-default\">Eje de Memoria y construcci\u00f3n de paz<\/h2>\t\t\t\t<\/div>\n\t\t\t\t<\/div>\n\t\t\t\t<div class=\"elementor-element elementor-element-a898913 elementor-widget elementor-widget-text-editor\" data-id=\"a898913\" data-element_type=\"widget\" data-widget_type=\"text-editor.default\">\n\t\t\t\t<div class=\"elementor-widget-container\">\n\t\t\t\t\t\t\t\t\t<p>Es un espacio din\u00e1mico donde las palabras se unen en un di\u00e1logo significativo, moldeado por cada persona que participa en nuestras fruct\u00edferas reuniones. Aqu\u00ed, nos dedicamos a ampliar nuestros conocimientos en diversas \u00e1reas, asegur\u00e1ndonos de comprender profundamente los temas centrales de la historia, la memoria y la construcci\u00f3n de la paz.<\/p>\t\t\t\t\t\t\t\t<\/div>\n\t\t\t\t<\/div>\n\t\t\t\t\t<\/div>\n\t\t<\/div>\n\t\t\t\t\t<\/div>\n\t\t<\/section>\n\t\t\t\t<\/div>\n\t\t","protected":false},"excerpt":{"rendered":"<p>El museo fomenta la participaci\u00f3n juvenil y comunitaria mediante programas de voluntariado. J\u00f3venes y adultos tienen voz, voto y lugar en la construcci\u00f3n de espacios de memoria, cultura y arte. Clubs de cine &#8211; Arte Uyariy Promueve la apreciaci\u00f3n cinematogr\u00e1fica y la reflexi\u00f3n cr\u00edtica mediante proyecciones y debates. Vinculado a la red de cineclubes de Nari\u00f1o y a la Red Nacional de J\u00f3venes de Ambiente, el club busca que el cine sea un puente para la cultura, la memoria y la educaci\u00f3n. Club de literatura &#8211; Arte Inqui Un espacio para quienes aman leer, escribir y compartir historias. Se centra en la literatura regional, nacional y universal, generando encuentros donde las palabras nos conectan y las narrativas cobran vida Club de arte Espacios de creaci\u00f3n pl\u00e1stica y visual donde los participantes exploran t\u00e9cnicas, estilos y expresiones art\u00edsticas diversas. Adem\u00e1s, fomenta la participaci\u00f3n en exposiciones y actividades culturales para visibilizar el talento local. Club de teatro Aqu\u00ed la expresi\u00f3n corporal y la interpretaci\u00f3n teatral se convierten en herramientas de di\u00e1logo y participaci\u00f3n. Los participantes desarrollan habilidades de comunicaci\u00f3n y exploraci\u00f3n creativa, generando montajes y representaciones que enriquecen la vida cultural de la regi\u00f3n. Eje de Memoria y construcci\u00f3n de paz Es un espacio din\u00e1mico donde las palabras se unen en un di\u00e1logo significativo, moldeado por cada persona que participa en nuestras fruct\u00edferas reuniones. Aqu\u00ed, nos dedicamos a ampliar nuestros conocimientos en diversas \u00e1reas, asegur\u00e1ndonos de comprender profundamente los temas centrales de la historia, la memoria y la construcci\u00f3n de la paz.<\/p>\n","protected":false},"author":1,"featured_media":0,"parent":0,"menu_order":0,"comment_status":"closed","ping_status":"closed","template":"","meta":{"footnotes":""},"class_list":["post-2651","page","type-page","status-publish","hentry"],"_links":{"self":[{"href":"https:\/\/museojuanlorenzo.com\/index.php\/wp-json\/wp\/v2\/pages\/2651","targetHints":{"allow":["GET"]}}],"collection":[{"href":"https:\/\/museojuanlorenzo.com\/index.php\/wp-json\/wp\/v2\/pages"}],"about":[{"href":"https:\/\/museojuanlorenzo.com\/index.php\/wp-json\/wp\/v2\/types\/page"}],"author":[{"embeddable":true,"href":"https:\/\/museojuanlorenzo.com\/index.php\/wp-json\/wp\/v2\/users\/1"}],"replies":[{"embeddable":true,"href":"https:\/\/museojuanlorenzo.com\/index.php\/wp-json\/wp\/v2\/comments?post=2651"}],"version-history":[{"count":34,"href":"https:\/\/museojuanlorenzo.com\/index.php\/wp-json\/wp\/v2\/pages\/2651\/revisions"}],"predecessor-version":[{"id":2841,"href":"https:\/\/museojuanlorenzo.com\/index.php\/wp-json\/wp\/v2\/pages\/2651\/revisions\/2841"}],"wp:attachment":[{"href":"https:\/\/museojuanlorenzo.com\/index.php\/wp-json\/wp\/v2\/media?parent=2651"}],"curies":[{"name":"wp","href":"https:\/\/api.w.org\/{rel}","templated":true}]}}