{"id":2545,"date":"2025-05-30T17:06:04","date_gmt":"2025-05-30T17:06:04","guid":{"rendered":"https:\/\/museojuanlorenzo.com\/?page_id=2545"},"modified":"2025-06-10T03:21:06","modified_gmt":"2025-06-10T03:21:06","slug":"talleres","status":"publish","type":"page","link":"https:\/\/museojuanlorenzo.com\/index.php\/talleres\/","title":{"rendered":"Talleres"},"content":{"rendered":"\t\t<div data-elementor-type=\"wp-page\" data-elementor-id=\"2545\" class=\"elementor elementor-2545\">\n\t\t\t\t\t\t<section class=\"elementor-section elementor-top-section elementor-element elementor-element-ac77029 elementor-section-boxed elementor-section-height-default elementor-section-height-default wpr-particle-no wpr-jarallax-no wpr-sticky-section-no\" data-id=\"ac77029\" data-element_type=\"section\">\n\t\t\t\t\t\t<div class=\"elementor-container elementor-column-gap-default\">\n\t\t\t\t\t<div class=\"elementor-column elementor-col-100 elementor-top-column elementor-element elementor-element-dca105d\" data-id=\"dca105d\" data-element_type=\"column\">\n\t\t\t<div class=\"elementor-widget-wrap elementor-element-populated\">\n\t\t\t\t\t\t<div class=\"elementor-element elementor-element-0064050 elementor-widget elementor-widget-heading\" data-id=\"0064050\" data-element_type=\"widget\" data-widget_type=\"heading.default\">\n\t\t\t\t<div class=\"elementor-widget-container\">\n\t\t\t\t\t<h2 class=\"elementor-heading-title elementor-size-default\">Brevecitos<\/h2>\t\t\t\t<\/div>\n\t\t\t\t<\/div>\n\t\t\t\t<div class=\"elementor-element elementor-element-ba80964 elementor-widget elementor-widget-text-editor\" data-id=\"ba80964\" data-element_type=\"widget\" data-widget_type=\"text-editor.default\">\n\t\t\t\t<div class=\"elementor-widget-container\">\n\t\t\t\t\t\t\t\t\t<p><span style=\"color: #000000; font-family: Lato, sans-serif; font-size: 16px;\">El Museo ofrece una amplia gama de talleres dirigidos a grupos de visitantes, instituciones educativas y comunidades interesadas en el fortalecimiento de la memoria, la cultura, la creatividad y la convivencia. Estos espacios de aprendizaje est\u00e1n dise\u00f1ados para ser seguros, participativos y profundamente significativos.<\/span><\/p>\t\t\t\t\t\t\t\t<\/div>\n\t\t\t\t<\/div>\n\t\t\t\t<section class=\"elementor-section elementor-inner-section elementor-element elementor-element-959e2b5 elementor-section-boxed elementor-section-height-default elementor-section-height-default wpr-particle-no wpr-jarallax-no wpr-sticky-section-no\" data-id=\"959e2b5\" data-element_type=\"section\">\n\t\t\t\t\t\t<div class=\"elementor-container elementor-column-gap-default\">\n\t\t\t\t\t<div class=\"elementor-column elementor-col-50 elementor-inner-column elementor-element elementor-element-5d5fcb0\" data-id=\"5d5fcb0\" data-element_type=\"column\">\n\t\t\t<div class=\"elementor-widget-wrap elementor-element-populated\">\n\t\t\t\t\t\t\t<\/div>\n\t\t<\/div>\n\t\t\t\t<div class=\"elementor-column elementor-col-50 elementor-inner-column elementor-element elementor-element-09a74fe\" data-id=\"09a74fe\" data-element_type=\"column\">\n\t\t\t<div class=\"elementor-widget-wrap elementor-element-populated\">\n\t\t\t\t\t\t<div class=\"elementor-element elementor-element-bf2d999 elementor-widget elementor-widget-heading\" data-id=\"bf2d999\" data-element_type=\"widget\" data-widget_type=\"heading.default\">\n\t\t\t\t<div class=\"elementor-widget-container\">\n\t\t\t\t\t<h2 class=\"elementor-heading-title elementor-size-default\"><h2 style=\"font-family: Helvetica, sans-serif;font-weight: 600;font-size: 25px\">Construyendo perd\u00f3n en papel y palabra<span style=\"font-family: Roboto, sans-serif;font-size: 30px;letter-spacing: -0.02em\"><\/span><\/h2><\/h2>\t\t\t\t<\/div>\n\t\t\t\t<\/div>\n\t\t\t\t<div class=\"elementor-element elementor-element-2270c32 elementor-widget elementor-widget-text-editor\" data-id=\"2270c32\" data-element_type=\"widget\" data-widget_type=\"text-editor.default\">\n\t\t\t\t<div class=\"elementor-widget-container\">\n\t\t\t\t\t\t\t\t\t<div class=\"elementor-element elementor-element-1d387bd elementor-widget elementor-widget-heading\" style=\"align-self: auto; flex: 0 1 auto; order: 0; place-content: normal; align-items: normal; flex-flow: row; gap: normal; --widgets-spacing: 20px 20px; --widgets-spacing-row: 20px; --widgets-spacing-column: 20px; width: 540px; margin-bottom: 20px; color: #404040; font-family: Lato, 'Helvetica Neue', helvetica, arial, sans-serif;\" data-id=\"1d387bd\" data-element_type=\"widget\" data-widget_type=\"heading.default\"><div class=\"elementor-widget-container\" style=\"transition: background 0.3s, border 0.3s, border-radius 0.3s, box-shadow 0.3s, transform 0.4s;\"><h2 class=\"elementor-heading-title elementor-size-default\" style=\"font-family: Helvetica, sans-serif; font-weight: 600; color: #000000; font-size: 25px;\"><span style=\"color: #332e2e; font-family: Lato, sans-serif; font-size: 16px; font-weight: 400;\">Este taller se enfoca en la memoria hist\u00f3rica y la reconciliaci\u00f3n, permitiendo a los participantes reflexionar y dialogar sobre la importancia del perd\u00f3n. La actividad incluye<\/span><\/h2><\/div><\/div><div class=\"elementor-element elementor-element-613b6ff elementor-widget elementor-widget-text-editor\" style=\"align-self: auto; flex: 0 1 auto; order: 0; place-content: normal; align-items: normal; flex-flow: row; gap: normal; --widgets-spacing: 20px 20px; --widgets-spacing-row: 20px; --widgets-spacing-column: 20px; font-family: Lato, sans-serif; font-weight: 400; color: #332e2e; width: 540px; font-size: 16px;\" data-id=\"613b6ff\" data-element_type=\"widget\" data-widget_type=\"text-editor.default\"><div class=\"elementor-widget-container\" style=\"transition: background 0.3s, border 0.3s, border-radius 0.3s, box-shadow 0.3s, transform 0.4s;\"><ol><li>Conversatorios grupales donde se abordan temas de memoria, resiliencia y reconciliaci\u00f3n.<\/li><li>Una actividad pr\u00e1ctica con figuras de origami, simbolizando el acto de reconstruir y sanar<\/li><li>Espacios para compartir historias y escuchar otras voces en un ambiente seguro y respetuoso.<\/li><\/ol><\/div><\/div>\t\t\t\t\t\t\t\t<\/div>\n\t\t\t\t<\/div>\n\t\t\t\t\t<\/div>\n\t\t<\/div>\n\t\t\t\t\t<\/div>\n\t\t<\/section>\n\t\t\t\t\t<\/div>\n\t\t<\/div>\n\t\t\t\t\t<\/div>\n\t\t<\/section>\n\t\t\t\t<section class=\"elementor-section elementor-top-section elementor-element elementor-element-5acb294 elementor-section-boxed elementor-section-height-default elementor-section-height-default wpr-particle-no wpr-jarallax-no wpr-sticky-section-no\" data-id=\"5acb294\" data-element_type=\"section\">\n\t\t\t\t\t\t<div class=\"elementor-container elementor-column-gap-default\">\n\t\t\t\t\t<div class=\"elementor-column elementor-col-100 elementor-top-column elementor-element elementor-element-ddc04e4\" data-id=\"ddc04e4\" data-element_type=\"column\">\n\t\t\t<div class=\"elementor-widget-wrap elementor-element-populated\">\n\t\t\t\t\t\t<section class=\"elementor-section elementor-inner-section elementor-element elementor-element-805de7a elementor-section-boxed elementor-section-height-default elementor-section-height-default wpr-particle-no wpr-jarallax-no wpr-sticky-section-no\" data-id=\"805de7a\" data-element_type=\"section\">\n\t\t\t\t\t\t<div class=\"elementor-container elementor-column-gap-default\">\n\t\t\t\t\t<div class=\"elementor-column elementor-col-50 elementor-inner-column elementor-element elementor-element-6109c8d\" data-id=\"6109c8d\" data-element_type=\"column\">\n\t\t\t<div class=\"elementor-widget-wrap elementor-element-populated\">\n\t\t\t\t\t\t<div class=\"elementor-element elementor-element-8551690 elementor-widget elementor-widget-heading\" data-id=\"8551690\" data-element_type=\"widget\" data-widget_type=\"heading.default\">\n\t\t\t\t<div class=\"elementor-widget-container\">\n\t\t\t\t\t<h2 class=\"elementor-heading-title elementor-size-default\"><h2 style=\"font-family: Helvetica, sans-serif;font-weight: 600;font-size: 25px\">Relaciones humanas y resoluci\u00f3n de conflictos<span style=\"font-family: Roboto, sans-serif;font-size: 30px;letter-spacing: -0.02em\"><\/span><\/h2><\/h2>\t\t\t\t<\/div>\n\t\t\t\t<\/div>\n\t\t\t\t<div class=\"elementor-element elementor-element-a517257 elementor-widget elementor-widget-text-editor\" data-id=\"a517257\" data-element_type=\"widget\" data-widget_type=\"text-editor.default\">\n\t\t\t\t<div class=\"elementor-widget-container\">\n\t\t\t\t\t\t\t\t\t<p style=\"color: #000000; font-family: Lato, sans-serif; font-size: 16px;\">Este taller promueve la empat\u00eda, la escucha activa y la resoluci\u00f3n pac\u00edfica de conflictos, aspectos esenciales para la convivencia en comunidad. Incluye:<\/p><p style=\"color: #000000; font-family: Lato, sans-serif; font-size: 16px;\">\u00a0<\/p><ol style=\"color: #000000; font-family: Lato, sans-serif; font-size: 16px;\"><li>Escenarios y casos puntuales donde los participantes analizan distintas situaciones de conflicto.<\/li><li>Ejercicios para fortalecer habilidades de comunicaci\u00f3n, di\u00e1logo y respeto.<\/li><li>Reflexiones sobre c\u00f3mo aplicar estas herramientas en la vida cotidiana.<\/li><\/ol>\t\t\t\t\t\t\t\t<\/div>\n\t\t\t\t<\/div>\n\t\t\t\t\t<\/div>\n\t\t<\/div>\n\t\t\t\t<div class=\"elementor-column elementor-col-50 elementor-inner-column elementor-element elementor-element-96da685\" data-id=\"96da685\" data-element_type=\"column\">\n\t\t\t<div class=\"elementor-widget-wrap\">\n\t\t\t\t\t\t\t<\/div>\n\t\t<\/div>\n\t\t\t\t\t<\/div>\n\t\t<\/section>\n\t\t\t\t\t<\/div>\n\t\t<\/div>\n\t\t\t\t\t<\/div>\n\t\t<\/section>\n\t\t\t\t<section class=\"elementor-section elementor-top-section elementor-element elementor-element-b63446e elementor-section-boxed elementor-section-height-default elementor-section-height-default wpr-particle-no wpr-jarallax-no wpr-sticky-section-no\" data-id=\"b63446e\" data-element_type=\"section\">\n\t\t\t\t\t\t<div class=\"elementor-container elementor-column-gap-default\">\n\t\t\t\t\t<div class=\"elementor-column elementor-col-100 elementor-top-column elementor-element elementor-element-25911aa\" data-id=\"25911aa\" data-element_type=\"column\">\n\t\t\t<div class=\"elementor-widget-wrap elementor-element-populated\">\n\t\t\t\t\t\t<section class=\"elementor-section elementor-inner-section elementor-element elementor-element-5e99ae8 elementor-section-boxed elementor-section-height-default elementor-section-height-default wpr-particle-no wpr-jarallax-no wpr-sticky-section-no\" data-id=\"5e99ae8\" data-element_type=\"section\">\n\t\t\t\t\t\t<div class=\"elementor-container elementor-column-gap-default\">\n\t\t\t\t\t<div class=\"elementor-column elementor-col-50 elementor-inner-column elementor-element elementor-element-ec29db1\" data-id=\"ec29db1\" data-element_type=\"column\">\n\t\t\t<div class=\"elementor-widget-wrap\">\n\t\t\t\t\t\t\t<\/div>\n\t\t<\/div>\n\t\t\t\t<div class=\"elementor-column elementor-col-50 elementor-inner-column elementor-element elementor-element-193fb32\" data-id=\"193fb32\" data-element_type=\"column\">\n\t\t\t<div class=\"elementor-widget-wrap elementor-element-populated\">\n\t\t\t\t\t\t<div class=\"elementor-element elementor-element-4e8ceb4 elementor-widget elementor-widget-heading\" data-id=\"4e8ceb4\" data-element_type=\"widget\" data-widget_type=\"heading.default\">\n\t\t\t\t<div class=\"elementor-widget-container\">\n\t\t\t\t\t<h2 class=\"elementor-heading-title elementor-size-default\"><h2 style=\"font-family: Helvetica, sans-serif;font-weight: 600;font-size: 25px\">Taller de ojo de Dios<span style=\"font-family: Roboto, sans-serif;font-size: 30px;letter-spacing: -0.02em\"><\/span><\/h2><\/h2>\t\t\t\t<\/div>\n\t\t\t\t<\/div>\n\t\t\t\t<div class=\"elementor-element elementor-element-6ff7e47 elementor-widget elementor-widget-text-editor\" data-id=\"6ff7e47\" data-element_type=\"widget\" data-widget_type=\"text-editor.default\">\n\t\t\t\t<div class=\"elementor-widget-container\">\n\t\t\t\t\t\t\t\t\t<p style=\"color: #000000; font-family: Lato, sans-serif; font-size: 16px;\">Basado en una t\u00e9cnica artesanal tradicional (ojos de Dios), este taller ofrece un espacio para el autoconocimiento, la creatividad y la espiritualidad. El taller.<\/p><p style=\"color: #000000; font-family: Lato, sans-serif; font-size: 16px;\">\u00a0<\/p><ol style=\"color: #000000; font-family: Lato, sans-serif; font-size: 16px;\"><li>Introduce la historia y el significado espiritual de los ojos de Dios.<\/li><li>Permite la creaci\u00f3n de estas figuras con hilos de colores y palitos de pincho.<\/li><li>Busca conectar el proceso creativo con la reflexi\u00f3n interior y la construcci\u00f3n de sentido.<\/li><\/ol>\t\t\t\t\t\t\t\t<\/div>\n\t\t\t\t<\/div>\n\t\t\t\t\t<\/div>\n\t\t<\/div>\n\t\t\t\t\t<\/div>\n\t\t<\/section>\n\t\t\t\t\t<\/div>\n\t\t<\/div>\n\t\t\t\t\t<\/div>\n\t\t<\/section>\n\t\t\t\t<section class=\"elementor-section elementor-top-section elementor-element elementor-element-a777139 elementor-section-boxed elementor-section-height-default elementor-section-height-default wpr-particle-no wpr-jarallax-no wpr-sticky-section-no\" data-id=\"a777139\" data-element_type=\"section\">\n\t\t\t\t\t\t<div class=\"elementor-container elementor-column-gap-default\">\n\t\t\t\t\t<div class=\"elementor-column elementor-col-100 elementor-top-column elementor-element elementor-element-af5b6ef\" data-id=\"af5b6ef\" data-element_type=\"column\">\n\t\t\t<div class=\"elementor-widget-wrap elementor-element-populated\">\n\t\t\t\t\t\t<section class=\"elementor-section elementor-inner-section elementor-element elementor-element-9ea800d elementor-section-boxed elementor-section-height-default elementor-section-height-default wpr-particle-no wpr-jarallax-no wpr-sticky-section-no\" data-id=\"9ea800d\" data-element_type=\"section\">\n\t\t\t\t\t\t<div class=\"elementor-container elementor-column-gap-default\">\n\t\t\t\t\t<div class=\"elementor-column elementor-col-50 elementor-inner-column elementor-element elementor-element-25a239c\" data-id=\"25a239c\" data-element_type=\"column\">\n\t\t\t<div class=\"elementor-widget-wrap elementor-element-populated\">\n\t\t\t\t\t\t<div class=\"elementor-element elementor-element-f88c9ba elementor-widget elementor-widget-heading\" data-id=\"f88c9ba\" data-element_type=\"widget\" data-widget_type=\"heading.default\">\n\t\t\t\t<div class=\"elementor-widget-container\">\n\t\t\t\t\t<h2 class=\"elementor-heading-title elementor-size-default\"><h2 style=\"font-family: Helvetica, sans-serif;font-weight: 600;font-size: 25px\">Taller de creaci\u00f3n de mandalas<span style=\"font-family: Roboto, sans-serif;font-size: 30px;letter-spacing: -0.02em\"><\/span><\/h2><\/h2>\t\t\t\t<\/div>\n\t\t\t\t<\/div>\n\t\t\t\t<div class=\"elementor-element elementor-element-077ba63 elementor-widget elementor-widget-text-editor\" data-id=\"077ba63\" data-element_type=\"widget\" data-widget_type=\"text-editor.default\">\n\t\t\t\t<div class=\"elementor-widget-container\">\n\t\t\t\t\t\t\t\t\t<p style=\"color: #000000; font-family: Lato, sans-serif; font-size: 16px;\">Este taller combina la fotograf\u00eda y el bordado como herramientas para explorar la memoria y el di\u00e1logo. Incluye.\u00a0<\/p><p style=\"color: #000000; font-family: Lato, sans-serif; font-size: 16px;\">\u00a0<\/p><ol style=\"color: #000000; font-family: Lato, sans-serif; font-size: 16px;\"><li>Impresi\u00f3n de fotograf\u00edas (personales o del archivo hist\u00f3rico del museo).<\/li><li>T\u00e9cnicas de bordado sobre las fotos para reinterpretarlas y resignificarlas.<\/li><li>Conversatorios en c\u00edrculos de palabra, donde cada participante comparte el significado de su obra.<\/li><li>Un espacio para la construcci\u00f3n de nuevas narrativas personales y colectivas.<\/li><\/ol>\t\t\t\t\t\t\t\t<\/div>\n\t\t\t\t<\/div>\n\t\t\t\t\t<\/div>\n\t\t<\/div>\n\t\t\t\t<div class=\"elementor-column elementor-col-50 elementor-inner-column elementor-element elementor-element-c140e88\" data-id=\"c140e88\" data-element_type=\"column\">\n\t\t\t<div class=\"elementor-widget-wrap\">\n\t\t\t\t\t\t\t<\/div>\n\t\t<\/div>\n\t\t\t\t\t<\/div>\n\t\t<\/section>\n\t\t\t\t\t<\/div>\n\t\t<\/div>\n\t\t\t\t\t<\/div>\n\t\t<\/section>\n\t\t\t\t<section class=\"elementor-section elementor-top-section elementor-element elementor-element-bcd8787 elementor-section-boxed elementor-section-height-default elementor-section-height-default wpr-particle-no wpr-jarallax-no wpr-sticky-section-no\" data-id=\"bcd8787\" data-element_type=\"section\">\n\t\t\t\t\t\t<div class=\"elementor-container elementor-column-gap-default\">\n\t\t\t\t\t<div class=\"elementor-column elementor-col-100 elementor-top-column elementor-element elementor-element-9cd094e\" data-id=\"9cd094e\" data-element_type=\"column\">\n\t\t\t<div class=\"elementor-widget-wrap elementor-element-populated\">\n\t\t\t\t\t\t<section class=\"elementor-section elementor-inner-section elementor-element elementor-element-f3338fe elementor-section-boxed elementor-section-height-default elementor-section-height-default wpr-particle-no wpr-jarallax-no wpr-sticky-section-no\" data-id=\"f3338fe\" data-element_type=\"section\">\n\t\t\t\t\t\t<div class=\"elementor-container elementor-column-gap-default\">\n\t\t\t\t\t<div class=\"elementor-column elementor-col-50 elementor-inner-column elementor-element elementor-element-e3b6e91\" data-id=\"e3b6e91\" data-element_type=\"column\">\n\t\t\t<div class=\"elementor-widget-wrap\">\n\t\t\t\t\t\t\t<\/div>\n\t\t<\/div>\n\t\t\t\t<div class=\"elementor-column elementor-col-50 elementor-inner-column elementor-element elementor-element-b10cf41\" data-id=\"b10cf41\" data-element_type=\"column\">\n\t\t\t<div class=\"elementor-widget-wrap elementor-element-populated\">\n\t\t\t\t\t\t<div class=\"elementor-element elementor-element-a186f4c elementor-widget elementor-widget-heading\" data-id=\"a186f4c\" data-element_type=\"widget\" data-widget_type=\"heading.default\">\n\t\t\t\t<div class=\"elementor-widget-container\">\n\t\t\t\t\t<h2 class=\"elementor-heading-title elementor-size-default\"><h3 data-start=\"2425\" data-end=\"2457\"><strong data-start=\"2429\" data-end=\"2455\">Taller de foto bordado<br><\/strong><\/h3><p data-start=\"2458\" data-end=\"2572\"><\/p><\/h2>\t\t\t\t<\/div>\n\t\t\t\t<\/div>\n\t\t\t\t<div class=\"elementor-element elementor-element-3e583d9 elementor-widget elementor-widget-text-editor\" data-id=\"3e583d9\" data-element_type=\"widget\" data-widget_type=\"text-editor.default\">\n\t\t\t\t<div class=\"elementor-widget-container\">\n\t\t\t\t\t\t\t\t\t<p>Este taller combina la fotograf\u00eda y el bordado como herramientas para explorar la memoria y el di\u00e1logo. Incluye.<\/p>\n<ol>\n<li>Impresi\u00f3n de fotograf\u00edas (personales o del archivo hist\u00f3rico del museo).<\/li>\n<li>T\u00e9cnicas de bordado sobre las fotos para reinterpretarlas y resignificarlas.&nbsp;<\/li><li>Conversatorios en c\u00edrculos de palabra, donde cada participante comparte el significado de su obra.<\/li><li>Un espacio para la construcci\u00f3n de nuevas narrativas personales y colectivas.<\/li><\/ol>\t\t\t\t\t\t\t\t<\/div>\n\t\t\t\t<\/div>\n\t\t\t\t\t<\/div>\n\t\t<\/div>\n\t\t\t\t\t<\/div>\n\t\t<\/section>\n\t\t\t\t<div class=\"elementor-element elementor-element-5b0b858 elementor-widget elementor-widget-spacer\" data-id=\"5b0b858\" data-element_type=\"widget\" data-widget_type=\"spacer.default\">\n\t\t\t\t<div class=\"elementor-widget-container\">\n\t\t\t\t\t\t\t<div class=\"elementor-spacer\">\n\t\t\t<div class=\"elementor-spacer-inner\"><\/div>\n\t\t<\/div>\n\t\t\t\t\t\t<\/div>\n\t\t\t\t<\/div>\n\t\t\t\t\t<\/div>\n\t\t<\/div>\n\t\t\t\t\t<\/div>\n\t\t<\/section>\n\t\t\t\t<section class=\"elementor-section elementor-top-section elementor-element elementor-element-928e828 elementor-section-boxed elementor-section-height-default elementor-section-height-default wpr-particle-no wpr-jarallax-no wpr-sticky-section-no\" data-id=\"928e828\" data-element_type=\"section\">\n\t\t\t\t\t\t<div class=\"elementor-container elementor-column-gap-default\">\n\t\t\t\t\t<div class=\"elementor-column elementor-col-100 elementor-top-column elementor-element elementor-element-14c5a9c\" data-id=\"14c5a9c\" data-element_type=\"column\">\n\t\t\t<div class=\"elementor-widget-wrap elementor-element-populated\">\n\t\t\t\t\t\t<div class=\"elementor-element elementor-element-e33d2ff elementor-widget elementor-widget-heading\" data-id=\"e33d2ff\" data-element_type=\"widget\" data-widget_type=\"heading.default\">\n\t\t\t\t<div class=\"elementor-widget-container\">\n\t\t\t\t\t<h2 class=\"elementor-heading-title elementor-size-default\">Te invitamos a ser parte de los talleres del Museo Juan Lorenzo Lucero.<\/h2>\t\t\t\t<\/div>\n\t\t\t\t<\/div>\n\t\t\t\t\t<\/div>\n\t\t<\/div>\n\t\t\t\t\t<\/div>\n\t\t<\/section>\n\t\t\t\t<section class=\"elementor-section elementor-top-section elementor-element elementor-element-75201dd elementor-section-boxed elementor-section-height-default elementor-section-height-default wpr-particle-no wpr-jarallax-no wpr-sticky-section-no\" data-id=\"75201dd\" data-element_type=\"section\">\n\t\t\t\t\t\t<div class=\"elementor-container elementor-column-gap-default\">\n\t\t\t\t\t<div class=\"elementor-column elementor-col-100 elementor-top-column elementor-element elementor-element-2f3d58f\" data-id=\"2f3d58f\" data-element_type=\"column\">\n\t\t\t<div class=\"elementor-widget-wrap elementor-element-populated\">\n\t\t\t\t\t\t<div class=\"elementor-element elementor-element-4febe5a elementor-widget elementor-widget-text-editor\" data-id=\"4febe5a\" data-element_type=\"widget\" data-widget_type=\"text-editor.default\">\n\t\t\t\t<div class=\"elementor-widget-container\">\n\t\t\t\t\t\t\t\t\t<p>Son espacios vivos donde arte, historia y espiritualidad se unen con creatividad y reflexi\u00f3n.<br data-start=\"234\" data-end=\"237\" \/>Abiertos a todas las edades, ofrecen t\u00e9cnicas art\u00edsticas, di\u00e1logo sobre la memoria y la reconciliaci\u00f3n, y fortalecen la convivencia.<\/p>\t\t\t\t\t\t\t\t<\/div>\n\t\t\t\t<\/div>\n\t\t\t\t\t<\/div>\n\t\t<\/div>\n\t\t\t\t\t<\/div>\n\t\t<\/section>\n\t\t\t\t<section class=\"elementor-section elementor-top-section elementor-element elementor-element-a3cf214 elementor-section-boxed elementor-section-height-default elementor-section-height-default wpr-particle-no wpr-jarallax-no wpr-sticky-section-no\" data-id=\"a3cf214\" data-element_type=\"section\">\n\t\t\t\t\t\t<div class=\"elementor-container elementor-column-gap-default\">\n\t\t\t\t\t<div class=\"elementor-column elementor-col-100 elementor-top-column elementor-element elementor-element-c6dada2\" data-id=\"c6dada2\" data-element_type=\"column\">\n\t\t\t<div class=\"elementor-widget-wrap elementor-element-populated\">\n\t\t\t\t\t\t<div class=\"elementor-element elementor-element-6044920 elementor-widget elementor-widget-heading\" data-id=\"6044920\" data-element_type=\"widget\" data-widget_type=\"heading.default\">\n\t\t\t\t<div class=\"elementor-widget-container\">\n\t\t\t\t\t<h2 class=\"elementor-heading-title elementor-size-default\"><p data-start=\"63\" data-end=\"412\">\u00a1Explora, comparte y crece con nosotros!<\/p><\/h2>\t\t\t\t<\/div>\n\t\t\t\t<\/div>\n\t\t\t\t\t<\/div>\n\t\t<\/div>\n\t\t\t\t\t<\/div>\n\t\t<\/section>\n\t\t\t\t<\/div>\n\t\t","protected":false},"excerpt":{"rendered":"<p>Brevecitos El Museo ofrece una amplia gama de talleres dirigidos a grupos de visitantes, instituciones educativas y comunidades interesadas en el fortalecimiento de la memoria, la cultura, la creatividad y la convivencia. Estos espacios de aprendizaje est\u00e1n dise\u00f1ados para ser seguros, participativos y profundamente significativos. Construyendo perd\u00f3n en papel y palabra Este taller se enfoca en la memoria hist\u00f3rica y la reconciliaci\u00f3n, permitiendo a los participantes reflexionar y dialogar sobre la importancia del perd\u00f3n. La actividad incluye Conversatorios grupales donde se abordan temas de memoria, resiliencia y reconciliaci\u00f3n. Una actividad pr\u00e1ctica con figuras de origami, simbolizando el acto de reconstruir y sanar Espacios para compartir historias y escuchar otras voces en un ambiente seguro y respetuoso. Relaciones humanas y resoluci\u00f3n de conflictos Este taller promueve la empat\u00eda, la escucha activa y la resoluci\u00f3n pac\u00edfica de conflictos, aspectos esenciales para la convivencia en comunidad. Incluye: \u00a0 Escenarios y casos puntuales donde los participantes analizan distintas situaciones de conflicto. Ejercicios para fortalecer habilidades de comunicaci\u00f3n, di\u00e1logo y respeto. Reflexiones sobre c\u00f3mo aplicar estas herramientas en la vida cotidiana. Taller de ojo de Dios Basado en una t\u00e9cnica artesanal tradicional (ojos de Dios), este taller ofrece un espacio para el autoconocimiento, la creatividad y la espiritualidad. El taller. \u00a0 Introduce la historia y el significado espiritual de los ojos de Dios. Permite la creaci\u00f3n de estas figuras con hilos de colores y palitos de pincho. Busca conectar el proceso creativo con la reflexi\u00f3n interior y la construcci\u00f3n de sentido. Taller de creaci\u00f3n de mandalas Este taller combina la fotograf\u00eda y el bordado como herramientas para explorar la memoria y el di\u00e1logo. Incluye.\u00a0 \u00a0 Impresi\u00f3n de fotograf\u00edas (personales o del archivo hist\u00f3rico del museo). T\u00e9cnicas de bordado sobre las fotos para reinterpretarlas y resignificarlas. Conversatorios en c\u00edrculos de palabra, donde cada participante comparte el significado de su obra. Un espacio para la construcci\u00f3n de nuevas narrativas personales y colectivas. Taller de foto bordado Este taller combina la fotograf\u00eda y el bordado como herramientas para explorar la memoria y el di\u00e1logo. Incluye. Impresi\u00f3n de fotograf\u00edas (personales o del archivo hist\u00f3rico del museo). T\u00e9cnicas de bordado sobre las fotos para reinterpretarlas y resignificarlas.&nbsp; Conversatorios en c\u00edrculos de palabra, donde cada participante comparte el significado de su obra. Un espacio para la construcci\u00f3n de nuevas narrativas personales y colectivas. Te invitamos a ser parte de los talleres del Museo Juan Lorenzo Lucero. Son espacios vivos donde arte, historia y espiritualidad se unen con creatividad y reflexi\u00f3n.Abiertos a todas las edades, ofrecen t\u00e9cnicas art\u00edsticas, di\u00e1logo sobre la memoria y la reconciliaci\u00f3n, y fortalecen la convivencia. \u00a1Explora, comparte y crece con nosotros!<\/p>\n","protected":false},"author":1,"featured_media":0,"parent":0,"menu_order":0,"comment_status":"closed","ping_status":"closed","template":"","meta":{"footnotes":""},"class_list":["post-2545","page","type-page","status-publish","hentry"],"_links":{"self":[{"href":"https:\/\/museojuanlorenzo.com\/index.php\/wp-json\/wp\/v2\/pages\/2545","targetHints":{"allow":["GET"]}}],"collection":[{"href":"https:\/\/museojuanlorenzo.com\/index.php\/wp-json\/wp\/v2\/pages"}],"about":[{"href":"https:\/\/museojuanlorenzo.com\/index.php\/wp-json\/wp\/v2\/types\/page"}],"author":[{"embeddable":true,"href":"https:\/\/museojuanlorenzo.com\/index.php\/wp-json\/wp\/v2\/users\/1"}],"replies":[{"embeddable":true,"href":"https:\/\/museojuanlorenzo.com\/index.php\/wp-json\/wp\/v2\/comments?post=2545"}],"version-history":[{"count":43,"href":"https:\/\/museojuanlorenzo.com\/index.php\/wp-json\/wp\/v2\/pages\/2545\/revisions"}],"predecessor-version":[{"id":2781,"href":"https:\/\/museojuanlorenzo.com\/index.php\/wp-json\/wp\/v2\/pages\/2545\/revisions\/2781"}],"wp:attachment":[{"href":"https:\/\/museojuanlorenzo.com\/index.php\/wp-json\/wp\/v2\/media?parent=2545"}],"curies":[{"name":"wp","href":"https:\/\/api.w.org\/{rel}","templated":true}]}}